{"id":432,"date":"2025-03-17T15:21:50","date_gmt":"2025-03-17T14:21:50","guid":{"rendered":"https:\/\/parking-yverdon.ch\/za-podzemnu-garazu\/"},"modified":"2025-03-27T16:43:49","modified_gmt":"2025-03-27T15:43:49","slug":"za-podzemnu-garazu","status":"publish","type":"page","link":"https:\/\/parking-yverdon.ch\/sr\/za-podzemnu-garazu\/","title":{"rendered":"ZA podzemnu gara\u017eu"},"content":{"rendered":"\t\t<div data-elementor-type=\"wp-page\" data-elementor-id=\"432\" class=\"elementor elementor-432 elementor-63\" data-elementor-post-type=\"page\">\n\t\t\t\t<div class=\"elementor-element elementor-element-a373e89 e-con-full e-flex e-con e-parent\" data-id=\"a373e89\" data-element_type=\"container\" data-e-type=\"container\">\n\t\t\t\t<div class=\"elementor-element elementor-element-8ac162a elementor-widget elementor-widget-wpml-language-switcher\" data-id=\"8ac162a\" data-element_type=\"widget\" data-e-type=\"widget\" data-widget_type=\"wpml-language-switcher.default\">\n\t\t\t\t<div class=\"elementor-widget-container\">\n\t\t\t\t\t<div class=\"wpml-elementor-ls\">\n<div\n\t role=\"navigation\" aria-label=\"Language Switcher\" class=\"wpml-ls-statics-shortcode_actions wpml-ls wpml-ls-legacy-dropdown js-wpml-ls-legacy-dropdown\">\n\t<ul>\n\t\t<li class=\"wpml-ls-slot-shortcode_actions wpml-ls-item wpml-ls-item-sr wpml-ls-current-language wpml-ls-last-item wpml-ls-item-legacy-dropdown\">\n\t\t\t<a href=\"#\" hreflang=\"\" lang=\"\" class=\"js-wpml-ls-item-toggle wpml-ls-item-toggle\" aria-current=\"page\" aria-expanded=\"false\" aria-controls=\"wpml-ls-submenu-default\" aria-label=\"Language switcher, press tab to navigate to other languages\" title=\"Switch to Srpski (latinica) (Srpski (latinica))\">\n\t\t\t\t                                    <img decoding=\"async\"\n            class=\"wpml-ls-flag\"\n            src=\"https:\/\/parking-yverdon.ch\/wp-content\/plugins\/sitepress-multilingual-cms\/res\/flags\/sr.svg\"\n            alt=\"\"\n            loading=\"lazy\"\n            width=18\n            height=12\n    \/><span class=\"wpml-ls-native\">Srpski (latinica)<\/span><\/a>\n\n\t\t\t<ul id=\"wpml-ls-submenu-default\" class=\"wpml-ls-sub-menu\">\n\t\t\t\t\n\t\t\t\t\t<li class=\"wpml-ls-slot-shortcode_actions wpml-ls-item wpml-ls-item-fr wpml-ls-first-item\">\n\t\t\t\t\t\t<a href=\"https:\/\/parking-yverdon.ch\/\" hreflang=\"fr\" lang=\"fr\" class=\"wpml-ls-link\" aria-label=\"Switch to Francuski (Fran\u00e7ais)\" title=\"Switch to Francuski (Fran\u00e7ais)\">\n\t\t\t\t\t\t\t                                    <img decoding=\"async\"\n            class=\"wpml-ls-flag\"\n            src=\"https:\/\/parking-yverdon.ch\/wp-content\/plugins\/sitepress-multilingual-cms\/res\/flags\/fr.svg\"\n            alt=\"\"\n            loading=\"lazy\"\n            width=18\n            height=12\n    \/><span class=\"wpml-ls-native\">Fran\u00e7ais<\/span><span class=\"wpml-ls-display\"><span class=\"wpml-ls-bracket\">(<\/span>Francuski<span class=\"wpml-ls-bracket\">)<\/span><\/span><\/a>\n\t\t\t\t\t<\/li>\n\n\t\t\t\t\n\t\t\t\t\t<li class=\"wpml-ls-slot-shortcode_actions wpml-ls-item wpml-ls-item-en\">\n\t\t\t\t\t\t<a href=\"https:\/\/parking-yverdon.ch\/en\/\" hreflang=\"en\" lang=\"en\" class=\"wpml-ls-link\" aria-label=\"Switch to Engleski (English)\" title=\"Switch to Engleski (English)\">\n\t\t\t\t\t\t\t                                    <img decoding=\"async\"\n            class=\"wpml-ls-flag\"\n            src=\"https:\/\/parking-yverdon.ch\/wp-content\/plugins\/sitepress-multilingual-cms\/res\/flags\/en.svg\"\n            alt=\"\"\n            loading=\"lazy\"\n            width=18\n            height=12\n    \/><span class=\"wpml-ls-native\">English<\/span><span class=\"wpml-ls-display\"><span class=\"wpml-ls-bracket\">(<\/span>Engleski<span class=\"wpml-ls-bracket\">)<\/span><\/span><\/a>\n\t\t\t\t\t<\/li>\n\n\t\t\t\t\n\t\t\t\t\t<li class=\"wpml-ls-slot-shortcode_actions wpml-ls-item wpml-ls-item-it\">\n\t\t\t\t\t\t<a href=\"https:\/\/parking-yverdon.ch\/it\/\" hreflang=\"it\" lang=\"it\" class=\"wpml-ls-link\" aria-label=\"Switch to Italijanski (Italiano)\" title=\"Switch to Italijanski (Italiano)\">\n\t\t\t\t\t\t\t                                    <img decoding=\"async\"\n            class=\"wpml-ls-flag\"\n            src=\"https:\/\/parking-yverdon.ch\/wp-content\/plugins\/sitepress-multilingual-cms\/res\/flags\/it.svg\"\n            alt=\"\"\n            loading=\"lazy\"\n            width=18\n            height=12\n    \/><span class=\"wpml-ls-native\">Italiano<\/span><span class=\"wpml-ls-display\"><span class=\"wpml-ls-bracket\">(<\/span>Italijanski<span class=\"wpml-ls-bracket\">)<\/span><\/span><\/a>\n\t\t\t\t\t<\/li>\n\n\t\t\t\t\n\t\t\t\t\t<li class=\"wpml-ls-slot-shortcode_actions wpml-ls-item wpml-ls-item-pt-pt\">\n\t\t\t\t\t\t<a href=\"https:\/\/parking-yverdon.ch\/pt-pt\/\" hreflang=\"pt-pt\" lang=\"pt-pt\" class=\"wpml-ls-link\" aria-label=\"Switch to Portugalski (Portugu\u00eas)\" title=\"Switch to Portugalski (Portugu\u00eas)\">\n\t\t\t\t\t\t\t                                    <img decoding=\"async\"\n            class=\"wpml-ls-flag\"\n            src=\"https:\/\/parking-yverdon.ch\/wp-content\/plugins\/sitepress-multilingual-cms\/res\/flags\/pt-pt.svg\"\n            alt=\"\"\n            loading=\"lazy\"\n            width=18\n            height=12\n    \/><span class=\"wpml-ls-native\">Portugu\u00eas<\/span><span class=\"wpml-ls-display\"><span class=\"wpml-ls-bracket\">(<\/span>Portugalski<span class=\"wpml-ls-bracket\">)<\/span><\/span><\/a>\n\t\t\t\t\t<\/li>\n\n\t\t\t\t\n\t\t\t\t\t<li class=\"wpml-ls-slot-shortcode_actions wpml-ls-item wpml-ls-item-es\">\n\t\t\t\t\t\t<a href=\"https:\/\/parking-yverdon.ch\/es\/\" hreflang=\"es\" lang=\"es\" class=\"wpml-ls-link\" aria-label=\"Switch to \u00c5\u00a0panski (Espa\u00f1ol)\" title=\"Switch to \u00c5\u00a0panski (Espa\u00f1ol)\">\n\t\t\t\t\t\t\t                                    <img decoding=\"async\"\n            class=\"wpml-ls-flag\"\n            src=\"https:\/\/parking-yverdon.ch\/wp-content\/plugins\/sitepress-multilingual-cms\/res\/flags\/es.svg\"\n            alt=\"\"\n            loading=\"lazy\"\n            width=18\n            height=12\n    \/><span class=\"wpml-ls-native\">Espa\u00f1ol<\/span><span class=\"wpml-ls-display\"><span class=\"wpml-ls-bracket\">(<\/span>\u00c5\u00a0panski<span class=\"wpml-ls-bracket\">)<\/span><\/span><\/a>\n\t\t\t\t\t<\/li>\n\n\t\t\t\t\n\t\t\t\t\t<li class=\"wpml-ls-slot-shortcode_actions wpml-ls-item wpml-ls-item-sq\">\n\t\t\t\t\t\t<a href=\"https:\/\/parking-yverdon.ch\/sq\/\" hreflang=\"sq\" lang=\"sq\" class=\"wpml-ls-link\" aria-label=\"Switch to Albanski (Albanian)\" title=\"Switch to Albanski (Albanian)\">\n\t\t\t\t\t\t\t                                    <img decoding=\"async\"\n            class=\"wpml-ls-flag\"\n            src=\"https:\/\/parking-yverdon.ch\/wp-content\/plugins\/sitepress-multilingual-cms\/res\/flags\/sq.svg\"\n            alt=\"\"\n            loading=\"lazy\"\n            width=18\n            height=12\n    \/><span class=\"wpml-ls-native\">Albanian<\/span><span class=\"wpml-ls-display\"><span class=\"wpml-ls-bracket\">(<\/span>Albanski<span class=\"wpml-ls-bracket\">)<\/span><\/span><\/a>\n\t\t\t\t\t<\/li>\n\n\t\t\t\t\t\t\t<\/ul>\n\n\t\t<\/li>\n\n\t<\/ul>\n<\/div>\n<\/div>\t\t\t\t<\/div>\n\t\t\t\t<\/div>\n\t\t\t\t<\/div>\n\t\t<div class=\"elementor-element elementor-element-7ae4b36 e-con-full e-flex e-con e-parent\" data-id=\"7ae4b36\" data-element_type=\"container\" data-e-type=\"container\" data-settings=\"{&quot;background_background&quot;:&quot;classic&quot;}\">\n\t\t<div class=\"elementor-element elementor-element-26f87c7 e-con-full e-flex e-con e-child\" data-id=\"26f87c7\" data-element_type=\"container\" data-e-type=\"container\" data-settings=\"{&quot;background_background&quot;:&quot;classic&quot;}\">\n\t\t\t\t<\/div>\n\t\t\t\t<div class=\"elementor-element elementor-element-a09406d elementor-widget__width-initial elementor-widget elementor-widget-image\" data-id=\"a09406d\" data-element_type=\"widget\" data-e-type=\"widget\" data-widget_type=\"image.default\">\n\t\t\t\t<div class=\"elementor-widget-container\">\n\t\t\t\t\t\t\t\t\t\t\t\t\t\t\t<img fetchpriority=\"high\" decoding=\"async\" width=\"800\" height=\"742\" src=\"https:\/\/parking-yverdon.ch\/wp-content\/uploads\/2025\/03\/SR_Affiche_Images-1024x950.jpg\" class=\"attachment-large size-large wp-image-344\" alt=\"\" srcset=\"https:\/\/parking-yverdon.ch\/wp-content\/uploads\/2025\/03\/SR_Affiche_Images-1024x950.jpg 1024w, https:\/\/parking-yverdon.ch\/wp-content\/uploads\/2025\/03\/SR_Affiche_Images-300x278.jpg 300w, https:\/\/parking-yverdon.ch\/wp-content\/uploads\/2025\/03\/SR_Affiche_Images-768x712.jpg 768w, https:\/\/parking-yverdon.ch\/wp-content\/uploads\/2025\/03\/SR_Affiche_Images-1536x1425.jpg 1536w, https:\/\/parking-yverdon.ch\/wp-content\/uploads\/2025\/03\/SR_Affiche_Images-2048x1899.jpg 2048w\" sizes=\"(max-width: 800px) 100vw, 800px\" \/>\t\t\t\t\t\t\t\t\t\t\t\t\t\t\t<\/div>\n\t\t\t\t<\/div>\n\t\t\t\t<\/div>\n\t\t<div class=\"elementor-element elementor-element-298a509 e-flex e-con-boxed e-con e-parent\" data-id=\"298a509\" data-element_type=\"container\" data-e-type=\"container\">\n\t\t\t\t\t<div class=\"e-con-inner\">\n\t\t<div class=\"elementor-element elementor-element-c2219fc e-con-full e-flex e-con e-child\" data-id=\"c2219fc\" data-element_type=\"container\" data-e-type=\"container\" data-settings=\"{&quot;background_background&quot;:&quot;classic&quot;}\">\n\t\t\t\t<div class=\"elementor-element elementor-element-7112322 elementor-widget elementor-widget-image\" data-id=\"7112322\" data-element_type=\"widget\" data-e-type=\"widget\" data-widget_type=\"image.default\">\n\t\t\t\t<div class=\"elementor-widget-container\">\n\t\t\t\t\t\t\t\t\t\t\t\t\t\t\t<img decoding=\"async\" width=\"800\" height=\"951\" src=\"https:\/\/parking-yverdon.ch\/wp-content\/uploads\/2025\/03\/Logo_CAPPA-861x1024.png\" class=\"attachment-large size-large wp-image-436\" alt=\"\" srcset=\"https:\/\/parking-yverdon.ch\/wp-content\/uploads\/2025\/03\/Logo_CAPPA-861x1024.png 861w, https:\/\/parking-yverdon.ch\/wp-content\/uploads\/2025\/03\/Logo_CAPPA-252x300.png 252w, https:\/\/parking-yverdon.ch\/wp-content\/uploads\/2025\/03\/Logo_CAPPA-768x914.png 768w, https:\/\/parking-yverdon.ch\/wp-content\/uploads\/2025\/03\/Logo_CAPPA.png 1022w\" sizes=\"(max-width: 800px) 100vw, 800px\" \/>\t\t\t\t\t\t\t\t\t\t\t\t\t\t\t<\/div>\n\t\t\t\t<\/div>\n\t\t\t\t<div class=\"elementor-element elementor-element-27e51ea elementor-widget elementor-widget-heading\" data-id=\"27e51ea\" data-element_type=\"widget\" data-e-type=\"widget\" data-widget_type=\"heading.default\">\n\t\t\t\t<div class=\"elementor-widget-container\">\n\t\t\t\t\t<h1 class=\"elementor-heading-title elementor-size-default\">DA za izgradnju podzemne gara\u017ee ispod Place d\u2019Armes.<\/h1>\t\t\t\t<\/div>\n\t\t\t\t<\/div>\n\t\t\t\t<\/div>\n\t\t\t\t<div class=\"elementor-element elementor-element-3c2d3a5 elementor-widget elementor-widget-heading\" data-id=\"3c2d3a5\" data-element_type=\"widget\" data-e-type=\"widget\" data-widget_type=\"heading.default\">\n\t\t\t\t<div class=\"elementor-widget-container\">\n\t\t\t\t\t<h5 class=\"elementor-heading-title elementor-size-default\">Argumenti inicijativnog komiteta CAPPA\n<br>-Kolektiv za ure\u0111enje i parking na Place d\u2019Armes-<\/h5>\t\t\t\t<\/div>\n\t\t\t\t<\/div>\n\t\t\t\t<div class=\"elementor-element elementor-element-6956b7b elementor-widget elementor-widget-text-editor\" data-id=\"6956b7b\" data-element_type=\"widget\" data-e-type=\"widget\" data-widget_type=\"text-editor.default\">\n\t\t\t\t<div class=\"elementor-widget-container\">\n\t\t\t\t\t\t\t\t\t<p>Godine 2023. na\u0161 inicijativni komitet prikupio je vi\u0161e od 4.000 potpisa gra\u0111ana Yverdon-les-Bainsa koji \u017eele brzu izgradnju podzemne gara\u017ee i ure\u0111enje prijateljskog i ekolo\u0161kog parka na povr\u0161ini.<\/p><p>Cilj je ostvariti ovu \u017eelju prihvatanjem inicijative na predstoje\u0107em op\u0107inskom referendumu 18. maja.<\/p><p>Inicijativni komitet CAPPA vas podsje\u0107a na razloge zbog kojih je ovaj podzemni objekat neophodan, a koji \u0107e vam omogu\u0107iti da donosite informisanu odluku o ovom va\u017enom projektu.<\/p>\t\t\t\t\t\t\t\t<\/div>\n\t\t\t\t<\/div>\n\t\t\t\t\t<\/div>\n\t\t\t\t<\/div>\n\t\t<div class=\"elementor-element elementor-element-534d9fb e-con-full e-flex e-con e-parent\" data-id=\"534d9fb\" data-element_type=\"container\" data-e-type=\"container\" data-settings=\"{&quot;background_background&quot;:&quot;classic&quot;}\">\n\t\t<div class=\"elementor-element elementor-element-33b4022 e-con-full e-flex e-con e-child\" data-id=\"33b4022\" data-element_type=\"container\" data-e-type=\"container\">\n\t\t\t\t<div class=\"elementor-element elementor-element-c3abf3f elementor-widget elementor-widget-heading\" data-id=\"c3abf3f\" data-element_type=\"widget\" data-e-type=\"widget\" data-widget_type=\"heading.default\">\n\t\t\t\t<div class=\"elementor-widget-container\">\n\t\t\t\t\t<h2 class=\"elementor-heading-title elementor-size-default\">Za\u0161to podzemna gara\u017ea? <\/h2>\t\t\t\t<\/div>\n\t\t\t\t<\/div>\n\t\t<div class=\"elementor-element elementor-element-d796550 e-con-full e-flex e-con e-child\" data-id=\"d796550\" data-element_type=\"container\" data-e-type=\"container\">\n\t\t\t\t<div class=\"elementor-element elementor-element-c1764e9 elementor-widget__width-initial elementor-widget-tablet__width-inherit elementor-widget elementor-widget-text-editor\" data-id=\"c1764e9\" data-element_type=\"widget\" data-e-type=\"widget\" data-widget_type=\"text-editor.default\">\n\t\t\t\t<div class=\"elementor-widget-container\">\n\t\t\t\t\t\t\t\t\t<p>To je <strong>NEOPHODNOST<\/strong> i <strong>PITANJE OPSTANKA<\/strong> za trgovine, restorane, medicinske usluge, pru\u017eatelje usluga (op\u0161tinske \u0161altere, biblioteku, banke, osiguranje, itd.) u centru grada.<\/p><p>Yverdon-les-Bains mora <strong>PREUZETI<\/strong> odgovornost kao <strong>GRAD-SREDI\u0160TE<\/strong> sa 30.000 stanovnika u okrugu Jura-Nord Vaudois koji ima 96.000 stanovnika.<\/p><p>Javni transport nije dovoljan da <strong>ODGOVORI NA POTREBE<\/strong> stanovni\u0161tva okruga. Svaka osoba mora mo\u0107i da do\u0111e u centar grada u <strong>SVAKOM TRENUTKU<\/strong>, bez obzira na vremenske uslove, koriste\u0107i najprikladniji na\u010din transporta. <\/p><p>Trenutni parking je u katastrofalnom stanju. Potrebno je <strong>DJELOVATI<\/strong>, a ne odugovla\u010diti. <\/p>\t\t\t\t\t\t\t\t<\/div>\n\t\t\t\t<\/div>\n\t\t\t\t<div class=\"elementor-element elementor-element-170e6fe elementor-widget elementor-widget-image\" data-id=\"170e6fe\" data-element_type=\"widget\" data-e-type=\"widget\" data-widget_type=\"image.default\">\n\t\t\t\t<div class=\"elementor-widget-container\">\n\t\t\t\t\t\t\t\t\t\t\t\t\t\t\t<img decoding=\"async\" width=\"800\" height=\"209\" src=\"https:\/\/parking-yverdon.ch\/wp-content\/uploads\/2025\/03\/Commerce-CAPPA-1024x267.png\" class=\"attachment-large size-large wp-image-359\" alt=\"\" srcset=\"https:\/\/parking-yverdon.ch\/wp-content\/uploads\/2025\/03\/Commerce-CAPPA-1024x267.png 1024w, https:\/\/parking-yverdon.ch\/wp-content\/uploads\/2025\/03\/Commerce-CAPPA-300x78.png 300w, https:\/\/parking-yverdon.ch\/wp-content\/uploads\/2025\/03\/Commerce-CAPPA-768x200.png 768w, https:\/\/parking-yverdon.ch\/wp-content\/uploads\/2025\/03\/Commerce-CAPPA-1536x400.png 1536w, https:\/\/parking-yverdon.ch\/wp-content\/uploads\/2025\/03\/Commerce-CAPPA.png 2000w\" sizes=\"(max-width: 800px) 100vw, 800px\" \/>\t\t\t\t\t\t\t\t\t\t\t\t\t\t\t<\/div>\n\t\t\t\t<\/div>\n\t\t\t\t<\/div>\n\t\t\t\t<\/div>\n\t\t\t\t<\/div>\n\t\t<div class=\"elementor-element elementor-element-8cc0418 e-con-full e-flex e-con e-parent\" data-id=\"8cc0418\" data-element_type=\"container\" data-e-type=\"container\" data-settings=\"{&quot;background_background&quot;:&quot;classic&quot;}\">\n\t\t<div class=\"elementor-element elementor-element-589ae0d e-con-full e-flex e-con e-child\" data-id=\"589ae0d\" data-element_type=\"container\" data-e-type=\"container\">\n\t\t\t\t<div class=\"elementor-element elementor-element-9526db7 elementor-widget elementor-widget-heading\" data-id=\"9526db7\" data-element_type=\"widget\" data-e-type=\"widget\" data-widget_type=\"heading.default\">\n\t\t\t\t<div class=\"elementor-widget-container\">\n\t\t\t\t\t<h2 class=\"elementor-heading-title elementor-size-default\">Ako inicijativa bude prihva\u0107ena:<\/h2>\t\t\t\t<\/div>\n\t\t\t\t<\/div>\n\t\t<div class=\"elementor-element elementor-element-cfbeb0b e-con-full e-flex e-con e-child\" data-id=\"cfbeb0b\" data-element_type=\"container\" data-e-type=\"container\">\n\t\t\t\t<div class=\"elementor-element elementor-element-e7e793e elementor-widget__width-initial elementor-widget-tablet__width-inherit elementor-widget elementor-widget-text-editor\" data-id=\"e7e793e\" data-element_type=\"widget\" data-e-type=\"widget\" data-widget_type=\"text-editor.default\">\n\t\t\t\t<div class=\"elementor-widget-container\">\n\t\t\t\t\t\t\t\t\t<p>Projekt podzemne gara\u017ee na Place d\u2019Armes zadr\u017ea\u0107e <strong>PARKING MESTA<\/strong> na povr\u0161i u okolini centra grada za stanovnike, trgovine, ukrcavanje i isporuke.<\/p><p>Dobro dimenzionirana podzemna gara\u017ea omogu\u0107it \u0107e jednostavan i <strong>BRZ<\/strong> <strong>PRISTUP<\/strong> voza\u010dima koji \u0107e tako izbe\u0107i lutanje u potrazi za parking mestom.<\/p><p>Podzemna gara\u017ea omogu\u0107i\u0107e da se stanovnicima vrati prijateljski prostor na Place d\u2019Armes. <strong>VEGETACIJA<\/strong> i <strong>NOVO ZASA\u0110ENO<\/strong> <strong>DRVE\u0106E<\/strong> pomo\u0107i \u0107e u borbi protiv toplotnih ostrva. <\/p><p>Oko 1.000 parking mesta za vozila, <strong>TAKO\u0110E<\/strong>, predvi\u0111a parkirna mesta za motore i bicikle, ne zaboravljaju\u0107i mese\u010dne pretplate za stanovnike centra grada.<\/p><p>Osim svakodnevnog kori\u0161\u0107enja, podzemna gara\u017ea omogu\u0107i\u0107e <strong>RASPOLO\u017dIVA MESTA<\/strong> za pozori\u0161nu sezonu i sve javne kulturne i sportske manifestacije u centru grada.<\/p>\t\t\t\t\t\t\t\t<\/div>\n\t\t\t\t<\/div>\n\t\t\t\t<div class=\"elementor-element elementor-element-ac21a72 elementor-widget elementor-widget-image\" data-id=\"ac21a72\" data-element_type=\"widget\" data-e-type=\"widget\" data-widget_type=\"image.default\">\n\t\t\t\t<div class=\"elementor-widget-container\">\n\t\t\t\t\t\t\t\t\t\t\t\t\t\t\t<img loading=\"lazy\" decoding=\"async\" width=\"800\" height=\"335\" src=\"https:\/\/parking-yverdon.ch\/wp-content\/uploads\/2025\/03\/environnement-CAPPA-1024x429.png\" class=\"attachment-large size-large wp-image-366\" alt=\"\" srcset=\"https:\/\/parking-yverdon.ch\/wp-content\/uploads\/2025\/03\/environnement-CAPPA-1024x429.png 1024w, https:\/\/parking-yverdon.ch\/wp-content\/uploads\/2025\/03\/environnement-CAPPA-300x126.png 300w, https:\/\/parking-yverdon.ch\/wp-content\/uploads\/2025\/03\/environnement-CAPPA-768x321.png 768w, https:\/\/parking-yverdon.ch\/wp-content\/uploads\/2025\/03\/environnement-CAPPA-1536x643.png 1536w, https:\/\/parking-yverdon.ch\/wp-content\/uploads\/2025\/03\/environnement-CAPPA.png 2000w\" sizes=\"(max-width: 800px) 100vw, 800px\" \/>\t\t\t\t\t\t\t\t\t\t\t\t\t\t\t<\/div>\n\t\t\t\t<\/div>\n\t\t\t\t<\/div>\n\t\t\t\t<\/div>\n\t\t\t\t<\/div>\n\t\t<div class=\"elementor-element elementor-element-eac0aa4 e-con-full e-flex e-con e-parent\" data-id=\"eac0aa4\" data-element_type=\"container\" data-e-type=\"container\" data-settings=\"{&quot;background_background&quot;:&quot;classic&quot;}\">\n\t\t<div class=\"elementor-element elementor-element-35b622a e-con-full e-flex e-con e-child\" data-id=\"35b622a\" data-element_type=\"container\" data-e-type=\"container\">\n\t\t\t\t<div class=\"elementor-element elementor-element-76bc945 elementor-widget elementor-widget-heading\" data-id=\"76bc945\" data-element_type=\"widget\" data-e-type=\"widget\" data-widget_type=\"heading.default\">\n\t\t\t\t<div class=\"elementor-widget-container\">\n\t\t\t\t\t<h2 class=\"elementor-heading-title elementor-size-default\">Ve\u0107 dobro osmi\u0161ljen i realizovan projekt:<\/h2>\t\t\t\t<\/div>\n\t\t\t\t<\/div>\n\t\t<div class=\"elementor-element elementor-element-32b8ed5 e-con-full e-flex e-con e-child\" data-id=\"32b8ed5\" data-element_type=\"container\" data-e-type=\"container\">\n\t\t\t\t<div class=\"elementor-element elementor-element-16a970c elementor-widget__width-initial elementor-widget-tablet__width-inherit elementor-widget elementor-widget-text-editor\" data-id=\"16a970c\" data-element_type=\"widget\" data-e-type=\"widget\" data-widget_type=\"text-editor.default\">\n\t\t\t\t<div class=\"elementor-widget-container\">\n\t\t\t\t\t\t\t\t\t<p>Projekt parkinga na Place d\u2019Armes je <strong>VE\u0106 FINANSIRAN<\/strong> u iznosu od 55 miliona franaka od strane privatnih partnerskih firmi, dok op\u0161tina zadr\u017eava pravo nadzora.<\/p><p>Ako op\u0161tina ne po\u0161tuje <strong>UGOVOR<\/strong> sklopljen pred notarom sa privatnim firmama, mora\u0107e da plati tro\u0161kove studija i veliku otkaznu klauzulu, koja se meri u milionima franaka. To bi bio proma\u0161aj u tro\u0161enju javnih sredstava. <\/p>\t\t\t\t\t\t\t\t<\/div>\n\t\t\t\t<\/div>\n\t\t\t\t<div class=\"elementor-element elementor-element-2e37fa9 elementor-widget elementor-widget-image\" data-id=\"2e37fa9\" data-element_type=\"widget\" data-e-type=\"widget\" data-widget_type=\"image.default\">\n\t\t\t\t<div class=\"elementor-widget-container\">\n\t\t\t\t\t\t\t\t\t\t\t\t\t\t\t<img loading=\"lazy\" decoding=\"async\" width=\"800\" height=\"325\" src=\"https:\/\/parking-yverdon.ch\/wp-content\/uploads\/2025\/03\/Voiture-CAPPA-1024x416.png\" class=\"attachment-large size-large wp-image-380\" alt=\"\" srcset=\"https:\/\/parking-yverdon.ch\/wp-content\/uploads\/2025\/03\/Voiture-CAPPA-1024x416.png 1024w, https:\/\/parking-yverdon.ch\/wp-content\/uploads\/2025\/03\/Voiture-CAPPA-300x122.png 300w, https:\/\/parking-yverdon.ch\/wp-content\/uploads\/2025\/03\/Voiture-CAPPA-768x312.png 768w, https:\/\/parking-yverdon.ch\/wp-content\/uploads\/2025\/03\/Voiture-CAPPA-1536x624.png 1536w, https:\/\/parking-yverdon.ch\/wp-content\/uploads\/2025\/03\/Voiture-CAPPA.png 2000w\" sizes=\"(max-width: 800px) 100vw, 800px\" \/>\t\t\t\t\t\t\t\t\t\t\t\t\t\t\t<\/div>\n\t\t\t\t<\/div>\n\t\t\t\t<\/div>\n\t\t\t\t<\/div>\n\t\t\t\t<\/div>\n\t\t<div class=\"elementor-element elementor-element-159c331 e-con-full e-flex e-con e-parent\" data-id=\"159c331\" data-element_type=\"container\" data-e-type=\"container\" data-settings=\"{&quot;background_background&quot;:&quot;classic&quot;}\">\n\t\t<div class=\"elementor-element elementor-element-e40c7fc e-con-full e-flex e-con e-child\" data-id=\"e40c7fc\" data-element_type=\"container\" data-e-type=\"container\">\n\t\t\t\t<div class=\"elementor-element elementor-element-3f1ec7f elementor-widget elementor-widget-heading\" data-id=\"3f1ec7f\" data-element_type=\"widget\" data-e-type=\"widget\" data-widget_type=\"heading.default\">\n\t\t\t\t<div class=\"elementor-widget-container\">\n\t\t\t\t\t<h2 class=\"elementor-heading-title elementor-size-default\">Zaklju\u010dak:<\/h2>\t\t\t\t<\/div>\n\t\t\t\t<\/div>\n\t\t<div class=\"elementor-element elementor-element-7ee30fa e-con-full e-flex e-con e-child\" data-id=\"7ee30fa\" data-element_type=\"container\" data-e-type=\"container\">\n\t\t\t\t<div class=\"elementor-element elementor-element-fc23838 elementor-widget__width-initial elementor-widget-tablet__width-inherit elementor-widget elementor-widget-text-editor\" data-id=\"fc23838\" data-element_type=\"widget\" data-e-type=\"widget\" data-widget_type=\"text-editor.default\">\n\t\t\t\t<div class=\"elementor-widget-container\">\n\t\t\t\t\t\t\t\t\t<p>Ovaj projekt podzemne gara\u017ee da\u0107e novi impuls razvoju na\u0161eg grada, obezbe\u0111uju\u0107i ve\u0107u atraktivnost i mobilnost njegovog centra.<\/p><p>Zbog svih ovih razloga, inicijativni komitet vam preporu\u010duje da glasate <strong>ZA<\/strong> ovu inicijativu.<\/p>\t\t\t\t\t\t\t\t<\/div>\n\t\t\t\t<\/div>\n\t\t\t\t<div class=\"elementor-element elementor-element-c1c94d6 elementor-widget elementor-widget-image\" data-id=\"c1c94d6\" data-element_type=\"widget\" data-e-type=\"widget\" data-widget_type=\"image.default\">\n\t\t\t\t<div class=\"elementor-widget-container\">\n\t\t\t\t\t\t\t\t\t\t\t\t\t\t\t<img loading=\"lazy\" decoding=\"async\" width=\"800\" height=\"359\" src=\"https:\/\/parking-yverdon.ch\/wp-content\/uploads\/2025\/03\/velo-et-prommenade-CAPPA-1024x459.png\" class=\"attachment-large size-large wp-image-387\" alt=\"\" srcset=\"https:\/\/parking-yverdon.ch\/wp-content\/uploads\/2025\/03\/velo-et-prommenade-CAPPA-1024x459.png 1024w, https:\/\/parking-yverdon.ch\/wp-content\/uploads\/2025\/03\/velo-et-prommenade-CAPPA-300x135.png 300w, https:\/\/parking-yverdon.ch\/wp-content\/uploads\/2025\/03\/velo-et-prommenade-CAPPA-768x344.png 768w, https:\/\/parking-yverdon.ch\/wp-content\/uploads\/2025\/03\/velo-et-prommenade-CAPPA-1536x689.png 1536w, https:\/\/parking-yverdon.ch\/wp-content\/uploads\/2025\/03\/velo-et-prommenade-CAPPA.png 2000w\" sizes=\"(max-width: 800px) 100vw, 800px\" \/>\t\t\t\t\t\t\t\t\t\t\t\t\t\t\t<\/div>\n\t\t\t\t<\/div>\n\t\t\t\t<\/div>\n\t\t\t\t<\/div>\n\t\t\t\t<\/div>\n\t\t\t\t<\/div>\n\t\t","protected":false},"excerpt":{"rendered":"<p>Fran\u00e7ais English (Anglais) Italiano (Italien) Portugu\u00eas (Portugais) Espa\u00f1ol (Espagnol) Albanian (Albanais) Srpski (latinica) (Serbe) DA za izgradnju podzemne gara\u017ee ispod Place d\u2019Armes. Argumenti inicijativnog komiteta CAPPA -Kolektiv za ure\u0111enje i parking na Place d\u2019Armes- Godine 2023. na\u0161 inicijativni komitet prikupio je vi\u0161e od 4.000 potpisa gra\u0111ana Yverdon-les-Bainsa koji \u017eele brzu izgradnju podzemne gara\u017ee i ure\u0111enje [&hellip;]<\/p>\n","protected":false},"author":2,"featured_media":0,"parent":0,"menu_order":0,"comment_status":"closed","ping_status":"closed","template":"elementor_canvas","meta":{"_seopress_robots_primary_cat":"","_seopress_titles_title":"Yverdon-les-Bains: DA za gara\u017ee ispod Place d'Armes","_seopress_titles_desc":"18. maja, recite DA inicijativi za moderan gara\u017ee ispod Place d\u2019Armes i o\u017eivite centar grada.","_seopress_robots_index":"","footnotes":""},"class_list":["post-432","page","type-page","status-publish","hentry"],"_links":{"self":[{"href":"https:\/\/parking-yverdon.ch\/sr\/wp-json\/wp\/v2\/pages\/432","targetHints":{"allow":["GET"]}}],"collection":[{"href":"https:\/\/parking-yverdon.ch\/sr\/wp-json\/wp\/v2\/pages"}],"about":[{"href":"https:\/\/parking-yverdon.ch\/sr\/wp-json\/wp\/v2\/types\/page"}],"author":[{"embeddable":true,"href":"https:\/\/parking-yverdon.ch\/sr\/wp-json\/wp\/v2\/users\/2"}],"replies":[{"embeddable":true,"href":"https:\/\/parking-yverdon.ch\/sr\/wp-json\/wp\/v2\/comments?post=432"}],"version-history":[{"count":8,"href":"https:\/\/parking-yverdon.ch\/sr\/wp-json\/wp\/v2\/pages\/432\/revisions"}],"predecessor-version":[{"id":523,"href":"https:\/\/parking-yverdon.ch\/sr\/wp-json\/wp\/v2\/pages\/432\/revisions\/523"}],"wp:attachment":[{"href":"https:\/\/parking-yverdon.ch\/sr\/wp-json\/wp\/v2\/media?parent=432"}],"curies":[{"name":"wp","href":"https:\/\/api.w.org\/{rel}","templated":true}]}}