{"id":326,"date":"2025-03-17T15:21:50","date_gmt":"2025-03-17T14:21:50","guid":{"rendered":"https:\/\/parking-yverdon.ch\/si-al-parcheggio-sotterraneo\/"},"modified":"2025-03-27T16:43:48","modified_gmt":"2025-03-27T15:43:48","slug":"si-al-parcheggio-sotterraneo","status":"publish","type":"page","link":"https:\/\/parking-yverdon.ch\/it\/si-al-parcheggio-sotterraneo\/","title":{"rendered":"S\u00cc al parcheggio sotterraneo"},"content":{"rendered":"\t\t<div data-elementor-type=\"wp-page\" data-elementor-id=\"326\" class=\"elementor elementor-326 elementor-63\" data-elementor-post-type=\"page\">\n\t\t\t\t<div class=\"elementor-element elementor-element-a373e89 e-con-full e-flex e-con e-parent\" data-id=\"a373e89\" data-element_type=\"container\" data-e-type=\"container\">\n\t\t\t\t<div class=\"elementor-element elementor-element-8ac162a elementor-widget elementor-widget-wpml-language-switcher\" data-id=\"8ac162a\" data-element_type=\"widget\" data-e-type=\"widget\" data-widget_type=\"wpml-language-switcher.default\">\n\t\t\t\t<div class=\"elementor-widget-container\">\n\t\t\t\t\t<div class=\"wpml-elementor-ls\">\n<div\n\t role=\"navigation\" aria-label=\"Selettore lingua\" class=\"wpml-ls-statics-shortcode_actions wpml-ls wpml-ls-legacy-dropdown js-wpml-ls-legacy-dropdown\">\n\t<ul>\n\t\t<li class=\"wpml-ls-slot-shortcode_actions wpml-ls-item wpml-ls-item-it wpml-ls-current-language wpml-ls-item-legacy-dropdown\">\n\t\t\t<a href=\"#\" hreflang=\"\" lang=\"\" class=\"js-wpml-ls-item-toggle wpml-ls-item-toggle\" aria-current=\"page\" aria-expanded=\"false\" aria-controls=\"wpml-ls-submenu-default\" aria-label=\"Selettore lingua, premi tab per navigare tra le altre lingue\" title=\"Passa a Italiano (Italiano)\">\n\t\t\t\t                                    <img decoding=\"async\"\n            class=\"wpml-ls-flag\"\n            src=\"https:\/\/parking-yverdon.ch\/wp-content\/plugins\/sitepress-multilingual-cms\/res\/flags\/it.svg\"\n            alt=\"\"\n            loading=\"lazy\"\n            width=18\n            height=12\n    \/><span class=\"wpml-ls-native\">Italiano<\/span><\/a>\n\n\t\t\t<ul id=\"wpml-ls-submenu-default\" class=\"wpml-ls-sub-menu\">\n\t\t\t\t\n\t\t\t\t\t<li class=\"wpml-ls-slot-shortcode_actions wpml-ls-item wpml-ls-item-fr wpml-ls-first-item\">\n\t\t\t\t\t\t<a href=\"https:\/\/parking-yverdon.ch\/\" hreflang=\"fr\" lang=\"fr\" class=\"wpml-ls-link\" aria-label=\"Passa a Francese (Fran\u00e7ais)\" title=\"Passa a Francese (Fran\u00e7ais)\">\n\t\t\t\t\t\t\t                                    <img decoding=\"async\"\n            class=\"wpml-ls-flag\"\n            src=\"https:\/\/parking-yverdon.ch\/wp-content\/plugins\/sitepress-multilingual-cms\/res\/flags\/fr.svg\"\n            alt=\"\"\n            loading=\"lazy\"\n            width=18\n            height=12\n    \/><span class=\"wpml-ls-native\">Fran\u00e7ais<\/span><span class=\"wpml-ls-display\"><span class=\"wpml-ls-bracket\">(<\/span>Francese<span class=\"wpml-ls-bracket\">)<\/span><\/span><\/a>\n\t\t\t\t\t<\/li>\n\n\t\t\t\t\n\t\t\t\t\t<li class=\"wpml-ls-slot-shortcode_actions wpml-ls-item wpml-ls-item-en\">\n\t\t\t\t\t\t<a href=\"https:\/\/parking-yverdon.ch\/en\/\" hreflang=\"en\" lang=\"en\" class=\"wpml-ls-link\" aria-label=\"Passa a Inglese (English)\" title=\"Passa a Inglese (English)\">\n\t\t\t\t\t\t\t                                    <img decoding=\"async\"\n            class=\"wpml-ls-flag\"\n            src=\"https:\/\/parking-yverdon.ch\/wp-content\/plugins\/sitepress-multilingual-cms\/res\/flags\/en.svg\"\n            alt=\"\"\n            loading=\"lazy\"\n            width=18\n            height=12\n    \/><span class=\"wpml-ls-native\">English<\/span><span class=\"wpml-ls-display\"><span class=\"wpml-ls-bracket\">(<\/span>Inglese<span class=\"wpml-ls-bracket\">)<\/span><\/span><\/a>\n\t\t\t\t\t<\/li>\n\n\t\t\t\t\n\t\t\t\t\t<li class=\"wpml-ls-slot-shortcode_actions wpml-ls-item wpml-ls-item-pt-pt\">\n\t\t\t\t\t\t<a href=\"https:\/\/parking-yverdon.ch\/pt-pt\/\" hreflang=\"pt-pt\" lang=\"pt-pt\" class=\"wpml-ls-link\" aria-label=\"Passa a Portoghese (Portugu\u00eas)\" title=\"Passa a Portoghese (Portugu\u00eas)\">\n\t\t\t\t\t\t\t                                    <img decoding=\"async\"\n            class=\"wpml-ls-flag\"\n            src=\"https:\/\/parking-yverdon.ch\/wp-content\/plugins\/sitepress-multilingual-cms\/res\/flags\/pt-pt.svg\"\n            alt=\"\"\n            loading=\"lazy\"\n            width=18\n            height=12\n    \/><span class=\"wpml-ls-native\">Portugu\u00eas<\/span><span class=\"wpml-ls-display\"><span class=\"wpml-ls-bracket\">(<\/span>Portoghese<span class=\"wpml-ls-bracket\">)<\/span><\/span><\/a>\n\t\t\t\t\t<\/li>\n\n\t\t\t\t\n\t\t\t\t\t<li class=\"wpml-ls-slot-shortcode_actions wpml-ls-item wpml-ls-item-es\">\n\t\t\t\t\t\t<a href=\"https:\/\/parking-yverdon.ch\/es\/\" hreflang=\"es\" lang=\"es\" class=\"wpml-ls-link\" aria-label=\"Passa a Spagnolo (Espa\u00f1ol)\" title=\"Passa a Spagnolo (Espa\u00f1ol)\">\n\t\t\t\t\t\t\t                                    <img decoding=\"async\"\n            class=\"wpml-ls-flag\"\n            src=\"https:\/\/parking-yverdon.ch\/wp-content\/plugins\/sitepress-multilingual-cms\/res\/flags\/es.svg\"\n            alt=\"\"\n            loading=\"lazy\"\n            width=18\n            height=12\n    \/><span class=\"wpml-ls-native\">Espa\u00f1ol<\/span><span class=\"wpml-ls-display\"><span class=\"wpml-ls-bracket\">(<\/span>Spagnolo<span class=\"wpml-ls-bracket\">)<\/span><\/span><\/a>\n\t\t\t\t\t<\/li>\n\n\t\t\t\t\n\t\t\t\t\t<li class=\"wpml-ls-slot-shortcode_actions wpml-ls-item wpml-ls-item-sq\">\n\t\t\t\t\t\t<a href=\"https:\/\/parking-yverdon.ch\/sq\/\" hreflang=\"sq\" lang=\"sq\" class=\"wpml-ls-link\" aria-label=\"Passa a Albanese (Albanian)\" title=\"Passa a Albanese (Albanian)\">\n\t\t\t\t\t\t\t                                    <img decoding=\"async\"\n            class=\"wpml-ls-flag\"\n            src=\"https:\/\/parking-yverdon.ch\/wp-content\/plugins\/sitepress-multilingual-cms\/res\/flags\/sq.svg\"\n            alt=\"\"\n            loading=\"lazy\"\n            width=18\n            height=12\n    \/><span class=\"wpml-ls-native\">Albanian<\/span><span class=\"wpml-ls-display\"><span class=\"wpml-ls-bracket\">(<\/span>Albanese<span class=\"wpml-ls-bracket\">)<\/span><\/span><\/a>\n\t\t\t\t\t<\/li>\n\n\t\t\t\t\n\t\t\t\t\t<li class=\"wpml-ls-slot-shortcode_actions wpml-ls-item wpml-ls-item-sr wpml-ls-last-item\">\n\t\t\t\t\t\t<a href=\"https:\/\/parking-yverdon.ch\/sr\/\" hreflang=\"sr\" lang=\"sr\" class=\"wpml-ls-link\" aria-label=\"Passa a Serbo (Srpski (latinica))\" title=\"Passa a Serbo (Srpski (latinica))\">\n\t\t\t\t\t\t\t                                    <img decoding=\"async\"\n            class=\"wpml-ls-flag\"\n            src=\"https:\/\/parking-yverdon.ch\/wp-content\/plugins\/sitepress-multilingual-cms\/res\/flags\/sr.svg\"\n            alt=\"\"\n            loading=\"lazy\"\n            width=18\n            height=12\n    \/><span class=\"wpml-ls-native\">Srpski (latinica)<\/span><span class=\"wpml-ls-display\"><span class=\"wpml-ls-bracket\">(<\/span>Serbo<span class=\"wpml-ls-bracket\">)<\/span><\/span><\/a>\n\t\t\t\t\t<\/li>\n\n\t\t\t\t\t\t\t<\/ul>\n\n\t\t<\/li>\n\n\t<\/ul>\n<\/div>\n<\/div>\t\t\t\t<\/div>\n\t\t\t\t<\/div>\n\t\t\t\t<\/div>\n\t\t<div class=\"elementor-element elementor-element-7ae4b36 e-con-full e-flex e-con e-parent\" data-id=\"7ae4b36\" data-element_type=\"container\" data-e-type=\"container\" data-settings=\"{&quot;background_background&quot;:&quot;classic&quot;}\">\n\t\t<div class=\"elementor-element elementor-element-26f87c7 e-con-full e-flex e-con e-child\" data-id=\"26f87c7\" data-element_type=\"container\" data-e-type=\"container\" data-settings=\"{&quot;background_background&quot;:&quot;classic&quot;}\">\n\t\t\t\t<\/div>\n\t\t\t\t<div class=\"elementor-element elementor-element-a09406d elementor-widget__width-initial elementor-widget elementor-widget-image\" data-id=\"a09406d\" data-element_type=\"widget\" data-e-type=\"widget\" data-widget_type=\"image.default\">\n\t\t\t\t<div class=\"elementor-widget-container\">\n\t\t\t\t\t\t\t\t\t\t\t\t\t\t\t<img fetchpriority=\"high\" decoding=\"async\" width=\"800\" height=\"742\" src=\"https:\/\/parking-yverdon.ch\/wp-content\/uploads\/2025\/03\/IT_Affiche_Images-1024x950.jpg\" class=\"attachment-large size-large wp-image-342\" alt=\"\" srcset=\"https:\/\/parking-yverdon.ch\/wp-content\/uploads\/2025\/03\/IT_Affiche_Images-1024x950.jpg 1024w, https:\/\/parking-yverdon.ch\/wp-content\/uploads\/2025\/03\/IT_Affiche_Images-300x278.jpg 300w, https:\/\/parking-yverdon.ch\/wp-content\/uploads\/2025\/03\/IT_Affiche_Images-768x712.jpg 768w, https:\/\/parking-yverdon.ch\/wp-content\/uploads\/2025\/03\/IT_Affiche_Images-1536x1425.jpg 1536w, https:\/\/parking-yverdon.ch\/wp-content\/uploads\/2025\/03\/IT_Affiche_Images-2048x1899.jpg 2048w\" sizes=\"(max-width: 800px) 100vw, 800px\" \/>\t\t\t\t\t\t\t\t\t\t\t\t\t\t\t<\/div>\n\t\t\t\t<\/div>\n\t\t\t\t<\/div>\n\t\t<div class=\"elementor-element elementor-element-298a509 e-flex e-con-boxed e-con e-parent\" data-id=\"298a509\" data-element_type=\"container\" data-e-type=\"container\">\n\t\t\t\t\t<div class=\"e-con-inner\">\n\t\t<div class=\"elementor-element elementor-element-c2219fc e-con-full e-flex e-con e-child\" data-id=\"c2219fc\" data-element_type=\"container\" data-e-type=\"container\" data-settings=\"{&quot;background_background&quot;:&quot;classic&quot;}\">\n\t\t\t\t<div class=\"elementor-element elementor-element-7112322 elementor-widget elementor-widget-image\" data-id=\"7112322\" data-element_type=\"widget\" data-e-type=\"widget\" data-widget_type=\"image.default\">\n\t\t\t\t<div class=\"elementor-widget-container\">\n\t\t\t\t\t\t\t\t\t\t\t\t\t\t\t<img decoding=\"async\" width=\"800\" height=\"951\" src=\"https:\/\/parking-yverdon.ch\/wp-content\/uploads\/2025\/03\/Logo_CAPPA-861x1024.png\" class=\"attachment-large size-large wp-image-292\" alt=\"\" srcset=\"https:\/\/parking-yverdon.ch\/wp-content\/uploads\/2025\/03\/Logo_CAPPA-861x1024.png 861w, https:\/\/parking-yverdon.ch\/wp-content\/uploads\/2025\/03\/Logo_CAPPA-252x300.png 252w, https:\/\/parking-yverdon.ch\/wp-content\/uploads\/2025\/03\/Logo_CAPPA-768x914.png 768w, https:\/\/parking-yverdon.ch\/wp-content\/uploads\/2025\/03\/Logo_CAPPA.png 1022w\" sizes=\"(max-width: 800px) 100vw, 800px\" \/>\t\t\t\t\t\t\t\t\t\t\t\t\t\t\t<\/div>\n\t\t\t\t<\/div>\n\t\t\t\t<div class=\"elementor-element elementor-element-27e51ea elementor-widget elementor-widget-heading\" data-id=\"27e51ea\" data-element_type=\"widget\" data-e-type=\"widget\" data-widget_type=\"heading.default\">\n\t\t\t\t<div class=\"elementor-widget-container\">\n\t\t\t\t\t<h1 class=\"elementor-heading-title elementor-size-default\">S\u00cc alla costruzione di un parcheggio sotterraneo sotto la Place d\u2019Armes.<\/h1>\t\t\t\t<\/div>\n\t\t\t\t<\/div>\n\t\t\t\t<\/div>\n\t\t\t\t<div class=\"elementor-element elementor-element-3c2d3a5 elementor-widget elementor-widget-heading\" data-id=\"3c2d3a5\" data-element_type=\"widget\" data-e-type=\"widget\" data-widget_type=\"heading.default\">\n\t\t\t\t<div class=\"elementor-widget-container\">\n\t\t\t\t\t<h5 class=\"elementor-heading-title elementor-size-default\">Argomenti del comitato d'iniziativa CAPPA\n<br>-Collettivo Sistemazione e Parcheggio Place d\u2019Armes-<\/h5>\t\t\t\t<\/div>\n\t\t\t\t<\/div>\n\t\t\t\t<div class=\"elementor-element elementor-element-6956b7b elementor-widget elementor-widget-text-editor\" data-id=\"6956b7b\" data-element_type=\"widget\" data-e-type=\"widget\" data-widget_type=\"text-editor.default\">\n\t\t\t\t<div class=\"elementor-widget-container\">\n\t\t\t\t\t\t\t\t\t<p>Nel 2023, il nostro comitato d&#8217;iniziativa ha raccolto oltre 4&#8217;000 firme di cittadine e cittadini di Yverdon che desiderano la realizzazione rapida di un parcheggio sotterraneo e la sistemazione di un parco conviviale e rispettoso dell&#8217;ambiente in superficie.<\/p><p>Si tratta quindi di concretizzare questo desiderio accettando l&#8217;iniziativa in occasione di questa votazione comunale del prossimo 18 maggio.<\/p><p>Il comitato d&#8217;iniziativa CAPPA vi ricorda di seguito le ragioni per cui questa opera sotterranea \u00e8 indispensabile e che vi permetteranno di decidere in tutta conoscenza di causa su questo importante progetto.<\/p>\t\t\t\t\t\t\t\t<\/div>\n\t\t\t\t<\/div>\n\t\t\t\t\t<\/div>\n\t\t\t\t<\/div>\n\t\t<div class=\"elementor-element elementor-element-534d9fb e-con-full e-flex e-con e-parent\" data-id=\"534d9fb\" data-element_type=\"container\" data-e-type=\"container\" data-settings=\"{&quot;background_background&quot;:&quot;classic&quot;}\">\n\t\t<div class=\"elementor-element elementor-element-33b4022 e-con-full e-flex e-con e-child\" data-id=\"33b4022\" data-element_type=\"container\" data-e-type=\"container\">\n\t\t\t\t<div class=\"elementor-element elementor-element-c3abf3f elementor-widget elementor-widget-heading\" data-id=\"c3abf3f\" data-element_type=\"widget\" data-e-type=\"widget\" data-widget_type=\"heading.default\">\n\t\t\t\t<div class=\"elementor-widget-container\">\n\t\t\t\t\t<h2 class=\"elementor-heading-title elementor-size-default\">Perch\u00e9 un parcheggio sotterraneo? <\/h2>\t\t\t\t<\/div>\n\t\t\t\t<\/div>\n\t\t<div class=\"elementor-element elementor-element-d796550 e-con-full e-flex e-con e-child\" data-id=\"d796550\" data-element_type=\"container\" data-e-type=\"container\">\n\t\t\t\t<div class=\"elementor-element elementor-element-c1764e9 elementor-widget__width-initial elementor-widget-tablet__width-inherit elementor-widget elementor-widget-text-editor\" data-id=\"c1764e9\" data-element_type=\"widget\" data-e-type=\"widget\" data-widget_type=\"text-editor.default\">\n\t\t\t\t<div class=\"elementor-widget-container\">\n\t\t\t\t\t\t\t\t\t<p>\u00c8 una <strong>NECESSIT\u00c0 <\/strong>e una <strong>QUESTIONE DI SOPRAVVIVENZA<\/strong> per i negozi, i ristoranti, i servizi medici, i fornitori di servizi (sportelli comunali, biblioteca, banche, assicurazioni, ecc.) del centro<br>citt\u00e0.<\/p><p>Yverdon-les-Bains deve <strong>ASSUMERSI<\/strong> le proprie responsabilit\u00e0 di <strong>CITT\u00c0-CENTRO<\/strong> di 30&#8217;000 abitanti nel cuore del distretto di Jura-Nord vaudois, che conta 96&#8217;000 abitanti.<\/p><p>I trasporti pubblici non sono sufficienti per <strong>RISPONDERE AI BISOGNI<\/strong> della popolazione del<br>distretto. Tutti devono essere in grado di raggiungere il centro citt\u00e0 <strong>IN OGNI MOMENTO<\/strong>, indipendentemente dalle condizioni meteorologiche, utilizzando il mezzo di trasporto pi\u00f9 adatto alla situazione.<\/p><p>L&#8217;attuale parcheggio \u00e8 in uno stato disastroso. Bisogna <strong>AGIRE<\/strong> e non tergiversare. <\/p>\t\t\t\t\t\t\t\t<\/div>\n\t\t\t\t<\/div>\n\t\t\t\t<div class=\"elementor-element elementor-element-170e6fe elementor-widget elementor-widget-image\" data-id=\"170e6fe\" data-element_type=\"widget\" data-e-type=\"widget\" data-widget_type=\"image.default\">\n\t\t\t\t<div class=\"elementor-widget-container\">\n\t\t\t\t\t\t\t\t\t\t\t\t\t\t\t<img decoding=\"async\" width=\"800\" height=\"209\" src=\"https:\/\/parking-yverdon.ch\/wp-content\/uploads\/2025\/03\/Commerce-CAPPA-1024x267.png\" class=\"attachment-large size-large wp-image-357\" alt=\"\" srcset=\"https:\/\/parking-yverdon.ch\/wp-content\/uploads\/2025\/03\/Commerce-CAPPA-1024x267.png 1024w, https:\/\/parking-yverdon.ch\/wp-content\/uploads\/2025\/03\/Commerce-CAPPA-300x78.png 300w, https:\/\/parking-yverdon.ch\/wp-content\/uploads\/2025\/03\/Commerce-CAPPA-768x200.png 768w, https:\/\/parking-yverdon.ch\/wp-content\/uploads\/2025\/03\/Commerce-CAPPA-1536x400.png 1536w, https:\/\/parking-yverdon.ch\/wp-content\/uploads\/2025\/03\/Commerce-CAPPA.png 2000w\" sizes=\"(max-width: 800px) 100vw, 800px\" \/>\t\t\t\t\t\t\t\t\t\t\t\t\t\t\t<\/div>\n\t\t\t\t<\/div>\n\t\t\t\t<\/div>\n\t\t\t\t<\/div>\n\t\t\t\t<\/div>\n\t\t<div class=\"elementor-element elementor-element-8cc0418 e-con-full e-flex e-con e-parent\" data-id=\"8cc0418\" data-element_type=\"container\" data-e-type=\"container\" data-settings=\"{&quot;background_background&quot;:&quot;classic&quot;}\">\n\t\t<div class=\"elementor-element elementor-element-589ae0d e-con-full e-flex e-con e-child\" data-id=\"589ae0d\" data-element_type=\"container\" data-e-type=\"container\">\n\t\t\t\t<div class=\"elementor-element elementor-element-9526db7 elementor-widget elementor-widget-heading\" data-id=\"9526db7\" data-element_type=\"widget\" data-e-type=\"widget\" data-widget_type=\"heading.default\">\n\t\t\t\t<div class=\"elementor-widget-container\">\n\t\t\t\t\t<h2 class=\"elementor-heading-title elementor-size-default\">Se l'iniziativa \u00e8 accettata:<\/h2>\t\t\t\t<\/div>\n\t\t\t\t<\/div>\n\t\t<div class=\"elementor-element elementor-element-cfbeb0b e-con-full e-flex e-con e-child\" data-id=\"cfbeb0b\" data-element_type=\"container\" data-e-type=\"container\">\n\t\t\t\t<div class=\"elementor-element elementor-element-e7e793e elementor-widget__width-initial elementor-widget-tablet__width-inherit elementor-widget elementor-widget-text-editor\" data-id=\"e7e793e\" data-element_type=\"widget\" data-e-type=\"widget\" data-widget_type=\"text-editor.default\">\n\t\t\t\t<div class=\"elementor-widget-container\">\n\t\t\t\t\t\t\t\t\t<p>Il progetto del parcheggio sotterraneo della Place d&#8217;Armes manterr\u00e0 dei <strong>POSTI IN SUPERFICIE<\/strong> nell&#8217;area del centro citt\u00e0 per i residenti, i negozi, la sosta e le consegne.<\/p><p>Un parcheggio sotterraneo ben dimensionato favorir\u00e0 un <strong>ACCESSO SEMPLICE<\/strong> e <strong>RAPIDO<\/strong> per gli<br>automobilisti, che eviteranno cos\u00ec di girare in tondo alla ricerca di un posto libero.<\/p><p>Il parcheggio sotterraneo restituir\u00e0 ai residenti una Place d&#8217;Armes <strong>CONVIVIALE<\/strong>. La <strong>VEGETAZIONE<\/strong> e i <strong>NUOVI ALBERI<\/strong> piantati contribuiranno a combattere le isole di calore. <\/p><p>Con circa 1.000 posti auto, c&#8217;\u00e8 <strong>ANCHE<\/strong> un parcheggio per moto e biciclette, senza contare gli spazi in affitto mensile per i residenti del centro citt\u00e0.<\/p><p>Oltre all&#8217;uso quotidiano, il parcheggio sotterraneo permetter\u00e0 di mettere <strong>A DISPOSIZIONE<\/strong> dei posti per la stagione teatrale e per tutte le manifestazioni pubbliche culturali e sportive nel centro citt\u00e0.<\/p>\t\t\t\t\t\t\t\t<\/div>\n\t\t\t\t<\/div>\n\t\t\t\t<div class=\"elementor-element elementor-element-ac21a72 elementor-widget elementor-widget-image\" data-id=\"ac21a72\" data-element_type=\"widget\" data-e-type=\"widget\" data-widget_type=\"image.default\">\n\t\t\t\t<div class=\"elementor-widget-container\">\n\t\t\t\t\t\t\t\t\t\t\t\t\t\t\t<img loading=\"lazy\" decoding=\"async\" width=\"800\" height=\"335\" src=\"https:\/\/parking-yverdon.ch\/wp-content\/uploads\/2025\/03\/environnement-CAPPA-1024x429.png\" class=\"attachment-large size-large wp-image-364\" alt=\"\" srcset=\"https:\/\/parking-yverdon.ch\/wp-content\/uploads\/2025\/03\/environnement-CAPPA-1024x429.png 1024w, https:\/\/parking-yverdon.ch\/wp-content\/uploads\/2025\/03\/environnement-CAPPA-300x126.png 300w, https:\/\/parking-yverdon.ch\/wp-content\/uploads\/2025\/03\/environnement-CAPPA-768x321.png 768w, https:\/\/parking-yverdon.ch\/wp-content\/uploads\/2025\/03\/environnement-CAPPA-1536x643.png 1536w, https:\/\/parking-yverdon.ch\/wp-content\/uploads\/2025\/03\/environnement-CAPPA.png 2000w\" sizes=\"(max-width: 800px) 100vw, 800px\" \/>\t\t\t\t\t\t\t\t\t\t\t\t\t\t\t<\/div>\n\t\t\t\t<\/div>\n\t\t\t\t<\/div>\n\t\t\t\t<\/div>\n\t\t\t\t<\/div>\n\t\t<div class=\"elementor-element elementor-element-eac0aa4 e-con-full e-flex e-con e-parent\" data-id=\"eac0aa4\" data-element_type=\"container\" data-e-type=\"container\" data-settings=\"{&quot;background_background&quot;:&quot;classic&quot;}\">\n\t\t<div class=\"elementor-element elementor-element-35b622a e-con-full e-flex e-con e-child\" data-id=\"35b622a\" data-element_type=\"container\" data-e-type=\"container\">\n\t\t\t\t<div class=\"elementor-element elementor-element-76bc945 elementor-widget elementor-widget-heading\" data-id=\"76bc945\" data-element_type=\"widget\" data-e-type=\"widget\" data-widget_type=\"heading.default\">\n\t\t\t\t<div class=\"elementor-widget-container\">\n\t\t\t\t\t<h2 class=\"elementor-heading-title elementor-size-default\">Un progetto gi\u00e0 ben avviato e ponderato:<\/h2>\t\t\t\t<\/div>\n\t\t\t\t<\/div>\n\t\t<div class=\"elementor-element elementor-element-32b8ed5 e-con-full e-flex e-con e-child\" data-id=\"32b8ed5\" data-element_type=\"container\" data-e-type=\"container\">\n\t\t\t\t<div class=\"elementor-element elementor-element-16a970c elementor-widget__width-initial elementor-widget-tablet__width-inherit elementor-widget elementor-widget-text-editor\" data-id=\"16a970c\" data-element_type=\"widget\" data-e-type=\"widget\" data-widget_type=\"text-editor.default\">\n\t\t\t\t<div class=\"elementor-widget-container\">\n\t\t\t\t\t\t\t\t\t<p>Il progetto del parcheggio della Place d&#8217;Armes \u00e8 <strong>GIA&#8217; FINANZIATO<\/strong> con 55 milioni di franchi da societ\u00e0 partner private, mentre il Comune si riserva un diritto di sorveglianza.<\/p><p>Se il Comune non rispetta la <strong>CONVENZIONE<\/strong> firmata davanti al notaio con queste societ\u00e0 private, dovr\u00e0 sostenere spese di studi e una penale considerevole, che si aggira sui milion(i) di franchi. Sarebbe uno spreco di fondi pubblici. <\/p>\t\t\t\t\t\t\t\t<\/div>\n\t\t\t\t<\/div>\n\t\t\t\t<div class=\"elementor-element elementor-element-2e37fa9 elementor-widget elementor-widget-image\" data-id=\"2e37fa9\" data-element_type=\"widget\" data-e-type=\"widget\" data-widget_type=\"image.default\">\n\t\t\t\t<div class=\"elementor-widget-container\">\n\t\t\t\t\t\t\t\t\t\t\t\t\t\t\t<img loading=\"lazy\" decoding=\"async\" width=\"800\" height=\"325\" src=\"https:\/\/parking-yverdon.ch\/wp-content\/uploads\/2025\/03\/Voiture-CAPPA-1024x416.png\" class=\"attachment-large size-large wp-image-378\" alt=\"\" srcset=\"https:\/\/parking-yverdon.ch\/wp-content\/uploads\/2025\/03\/Voiture-CAPPA-1024x416.png 1024w, https:\/\/parking-yverdon.ch\/wp-content\/uploads\/2025\/03\/Voiture-CAPPA-300x122.png 300w, https:\/\/parking-yverdon.ch\/wp-content\/uploads\/2025\/03\/Voiture-CAPPA-768x312.png 768w, https:\/\/parking-yverdon.ch\/wp-content\/uploads\/2025\/03\/Voiture-CAPPA-1536x624.png 1536w, https:\/\/parking-yverdon.ch\/wp-content\/uploads\/2025\/03\/Voiture-CAPPA.png 2000w\" sizes=\"(max-width: 800px) 100vw, 800px\" \/>\t\t\t\t\t\t\t\t\t\t\t\t\t\t\t<\/div>\n\t\t\t\t<\/div>\n\t\t\t\t<\/div>\n\t\t\t\t<\/div>\n\t\t\t\t<\/div>\n\t\t<div class=\"elementor-element elementor-element-159c331 e-con-full e-flex e-con e-parent\" data-id=\"159c331\" data-element_type=\"container\" data-e-type=\"container\" data-settings=\"{&quot;background_background&quot;:&quot;classic&quot;}\">\n\t\t<div class=\"elementor-element elementor-element-e40c7fc e-con-full e-flex e-con e-child\" data-id=\"e40c7fc\" data-element_type=\"container\" data-e-type=\"container\">\n\t\t\t\t<div class=\"elementor-element elementor-element-3f1ec7f elementor-widget elementor-widget-heading\" data-id=\"3f1ec7f\" data-element_type=\"widget\" data-e-type=\"widget\" data-widget_type=\"heading.default\">\n\t\t\t\t<div class=\"elementor-widget-container\">\n\t\t\t\t\t<h2 class=\"elementor-heading-title elementor-size-default\">In conclusione:<\/h2>\t\t\t\t<\/div>\n\t\t\t\t<\/div>\n\t\t<div class=\"elementor-element elementor-element-7ee30fa e-con-full e-flex e-con e-child\" data-id=\"7ee30fa\" data-element_type=\"container\" data-e-type=\"container\">\n\t\t\t\t<div class=\"elementor-element elementor-element-fc23838 elementor-widget__width-initial elementor-widget-tablet__width-inherit elementor-widget elementor-widget-text-editor\" data-id=\"fc23838\" data-element_type=\"widget\" data-e-type=\"widget\" data-widget_type=\"text-editor.default\">\n\t\t\t\t<div class=\"elementor-widget-container\">\n\t\t\t\t\t\t\t\t\t<p>Questo progetto di parcheggio sotterraneo dar\u00e0 una nuova spinta allo sviluppo della nostra citt\u00e0, garantendo una maggiore attrattivit\u00e0 e mobilit\u00e0 del suo centro.<\/p><p>Per tutti questi motivi, il comitato d&#8217;iniziativa raccomanda di votare <strong>SI<\/strong> all&#8217;iniziativa.<\/p>\t\t\t\t\t\t\t\t<\/div>\n\t\t\t\t<\/div>\n\t\t\t\t<div class=\"elementor-element elementor-element-c1c94d6 elementor-widget elementor-widget-image\" data-id=\"c1c94d6\" data-element_type=\"widget\" data-e-type=\"widget\" data-widget_type=\"image.default\">\n\t\t\t\t<div class=\"elementor-widget-container\">\n\t\t\t\t\t\t\t\t\t\t\t\t\t\t\t<img loading=\"lazy\" decoding=\"async\" width=\"800\" height=\"359\" src=\"https:\/\/parking-yverdon.ch\/wp-content\/uploads\/2025\/03\/velo-et-prommenade-CAPPA-1024x459.png\" class=\"attachment-large size-large wp-image-385\" alt=\"\" srcset=\"https:\/\/parking-yverdon.ch\/wp-content\/uploads\/2025\/03\/velo-et-prommenade-CAPPA-1024x459.png 1024w, https:\/\/parking-yverdon.ch\/wp-content\/uploads\/2025\/03\/velo-et-prommenade-CAPPA-300x135.png 300w, https:\/\/parking-yverdon.ch\/wp-content\/uploads\/2025\/03\/velo-et-prommenade-CAPPA-768x344.png 768w, https:\/\/parking-yverdon.ch\/wp-content\/uploads\/2025\/03\/velo-et-prommenade-CAPPA-1536x689.png 1536w, https:\/\/parking-yverdon.ch\/wp-content\/uploads\/2025\/03\/velo-et-prommenade-CAPPA.png 2000w\" sizes=\"(max-width: 800px) 100vw, 800px\" \/>\t\t\t\t\t\t\t\t\t\t\t\t\t\t\t<\/div>\n\t\t\t\t<\/div>\n\t\t\t\t<\/div>\n\t\t\t\t<\/div>\n\t\t\t\t<\/div>\n\t\t\t\t<\/div>\n\t\t","protected":false},"excerpt":{"rendered":"<p>Fran\u00e7ais English (Anglais) Italiano (Italien) Portugu\u00eas (Portugais) Espa\u00f1ol (Espagnol) Albanian (Albanais) Srpski (latinica) (Serbe) S\u00cc alla costruzione di un parcheggio sotterraneo sotto la Place d\u2019Armes. Argomenti del comitato d&#8217;iniziativa CAPPA -Collettivo Sistemazione e Parcheggio Place d\u2019Armes- Nel 2023, il nostro comitato d&#8217;iniziativa ha raccolto oltre 4&#8217;000 firme di cittadine e cittadini di Yverdon che desiderano [&hellip;]<\/p>\n","protected":false},"author":2,"featured_media":0,"parent":0,"menu_order":0,"comment_status":"closed","ping_status":"closed","template":"elementor_canvas","meta":{"_seopress_robots_primary_cat":"","_seopress_titles_title":"Yverdon-les-Bains: S\u00cc al parcheggio sotto Place d'Armes","_seopress_titles_desc":"Il 18 maggio, vota S\u00cc all'iniziativa per un parcheggio moderno sotto Place d\u2019Armes e ridai vita al centro citt\u00e0.","_seopress_robots_index":"","footnotes":""},"class_list":["post-326","page","type-page","status-publish","hentry"],"_links":{"self":[{"href":"https:\/\/parking-yverdon.ch\/it\/wp-json\/wp\/v2\/pages\/326","targetHints":{"allow":["GET"]}}],"collection":[{"href":"https:\/\/parking-yverdon.ch\/it\/wp-json\/wp\/v2\/pages"}],"about":[{"href":"https:\/\/parking-yverdon.ch\/it\/wp-json\/wp\/v2\/types\/page"}],"author":[{"embeddable":true,"href":"https:\/\/parking-yverdon.ch\/it\/wp-json\/wp\/v2\/users\/2"}],"replies":[{"embeddable":true,"href":"https:\/\/parking-yverdon.ch\/it\/wp-json\/wp\/v2\/comments?post=326"}],"version-history":[{"count":15,"href":"https:\/\/parking-yverdon.ch\/it\/wp-json\/wp\/v2\/pages\/326\/revisions"}],"predecessor-version":[{"id":520,"href":"https:\/\/parking-yverdon.ch\/it\/wp-json\/wp\/v2\/pages\/326\/revisions\/520"}],"wp:attachment":[{"href":"https:\/\/parking-yverdon.ch\/it\/wp-json\/wp\/v2\/media?parent=326"}],"curies":[{"name":"wp","href":"https:\/\/api.w.org\/{rel}","templated":true}]}}