{"id":295,"date":"2025-03-17T15:21:50","date_gmt":"2025-03-17T14:21:50","guid":{"rendered":"https:\/\/parking-yverdon.ch\/si-al-aparcamiento-subterraneo\/"},"modified":"2025-03-27T16:52:53","modified_gmt":"2025-03-27T15:52:53","slug":"si-al-aparcamiento-subterraneo","status":"publish","type":"page","link":"https:\/\/parking-yverdon.ch\/es\/si-al-aparcamiento-subterraneo\/","title":{"rendered":"S\u00cd al aparcamiento subterr\u00e1neo"},"content":{"rendered":"\t\t<div data-elementor-type=\"wp-page\" data-elementor-id=\"295\" class=\"elementor elementor-295 elementor-63\" data-elementor-post-type=\"page\">\n\t\t\t\t<div class=\"elementor-element elementor-element-a373e89 e-con-full e-flex e-con e-parent\" data-id=\"a373e89\" data-element_type=\"container\" data-e-type=\"container\">\n\t\t\t\t<div class=\"elementor-element elementor-element-8ac162a elementor-widget elementor-widget-wpml-language-switcher\" data-id=\"8ac162a\" data-element_type=\"widget\" data-e-type=\"widget\" data-widget_type=\"wpml-language-switcher.default\">\n\t\t\t\t<div class=\"elementor-widget-container\">\n\t\t\t\t\t<div class=\"wpml-elementor-ls\">\n<div\n\t role=\"navigation\" aria-label=\"Selector de idioma\" class=\"wpml-ls-statics-shortcode_actions wpml-ls wpml-ls-legacy-dropdown js-wpml-ls-legacy-dropdown\">\n\t<ul>\n\t\t<li class=\"wpml-ls-slot-shortcode_actions wpml-ls-item wpml-ls-item-es wpml-ls-current-language wpml-ls-item-legacy-dropdown\">\n\t\t\t<a href=\"#\" hreflang=\"\" lang=\"\" class=\"js-wpml-ls-item-toggle wpml-ls-item-toggle\" aria-current=\"page\" aria-expanded=\"false\" aria-controls=\"wpml-ls-submenu-default\" aria-label=\"Selector de idioma, pulse tab para navegar a otros idiomas\" title=\"Cambiar a Espa\u00f1ol (Espa\u00f1ol)\">\n\t\t\t\t                                    <img decoding=\"async\"\n            class=\"wpml-ls-flag\"\n            src=\"https:\/\/parking-yverdon.ch\/wp-content\/plugins\/sitepress-multilingual-cms\/res\/flags\/es.svg\"\n            alt=\"\"\n            loading=\"lazy\"\n            width=18\n            height=12\n    \/><span class=\"wpml-ls-native\">Espa\u00f1ol<\/span><\/a>\n\n\t\t\t<ul id=\"wpml-ls-submenu-default\" class=\"wpml-ls-sub-menu\">\n\t\t\t\t\n\t\t\t\t\t<li class=\"wpml-ls-slot-shortcode_actions wpml-ls-item wpml-ls-item-fr wpml-ls-first-item\">\n\t\t\t\t\t\t<a href=\"https:\/\/parking-yverdon.ch\/\" hreflang=\"fr\" lang=\"fr\" class=\"wpml-ls-link\" aria-label=\"Cambiar a Franc\u00e9s (Fran\u00e7ais)\" title=\"Cambiar a Franc\u00e9s (Fran\u00e7ais)\">\n\t\t\t\t\t\t\t                                    <img decoding=\"async\"\n            class=\"wpml-ls-flag\"\n            src=\"https:\/\/parking-yverdon.ch\/wp-content\/plugins\/sitepress-multilingual-cms\/res\/flags\/fr.svg\"\n            alt=\"\"\n            loading=\"lazy\"\n            width=18\n            height=12\n    \/><span class=\"wpml-ls-native\">Fran\u00e7ais<\/span><span class=\"wpml-ls-display\"><span class=\"wpml-ls-bracket\">(<\/span>Franc\u00e9s<span class=\"wpml-ls-bracket\">)<\/span><\/span><\/a>\n\t\t\t\t\t<\/li>\n\n\t\t\t\t\n\t\t\t\t\t<li class=\"wpml-ls-slot-shortcode_actions wpml-ls-item wpml-ls-item-en\">\n\t\t\t\t\t\t<a href=\"https:\/\/parking-yverdon.ch\/en\/\" hreflang=\"en\" lang=\"en\" class=\"wpml-ls-link\" aria-label=\"Cambiar a Ingl\u00e9s (English)\" title=\"Cambiar a Ingl\u00e9s (English)\">\n\t\t\t\t\t\t\t                                    <img decoding=\"async\"\n            class=\"wpml-ls-flag\"\n            src=\"https:\/\/parking-yverdon.ch\/wp-content\/plugins\/sitepress-multilingual-cms\/res\/flags\/en.svg\"\n            alt=\"\"\n            loading=\"lazy\"\n            width=18\n            height=12\n    \/><span class=\"wpml-ls-native\">English<\/span><span class=\"wpml-ls-display\"><span class=\"wpml-ls-bracket\">(<\/span>Ingl\u00e9s<span class=\"wpml-ls-bracket\">)<\/span><\/span><\/a>\n\t\t\t\t\t<\/li>\n\n\t\t\t\t\n\t\t\t\t\t<li class=\"wpml-ls-slot-shortcode_actions wpml-ls-item wpml-ls-item-it\">\n\t\t\t\t\t\t<a href=\"https:\/\/parking-yverdon.ch\/it\/\" hreflang=\"it\" lang=\"it\" class=\"wpml-ls-link\" aria-label=\"Cambiar a Italiano (Italiano)\" title=\"Cambiar a Italiano (Italiano)\">\n\t\t\t\t\t\t\t                                    <img decoding=\"async\"\n            class=\"wpml-ls-flag\"\n            src=\"https:\/\/parking-yverdon.ch\/wp-content\/plugins\/sitepress-multilingual-cms\/res\/flags\/it.svg\"\n            alt=\"\"\n            loading=\"lazy\"\n            width=18\n            height=12\n    \/><span class=\"wpml-ls-native\">Italiano<\/span><\/a>\n\t\t\t\t\t<\/li>\n\n\t\t\t\t\n\t\t\t\t\t<li class=\"wpml-ls-slot-shortcode_actions wpml-ls-item wpml-ls-item-pt-pt\">\n\t\t\t\t\t\t<a href=\"https:\/\/parking-yverdon.ch\/pt-pt\/\" hreflang=\"pt-pt\" lang=\"pt-pt\" class=\"wpml-ls-link\" aria-label=\"Cambiar a Portugu\u00e9s (Portugu\u00eas)\" title=\"Cambiar a Portugu\u00e9s (Portugu\u00eas)\">\n\t\t\t\t\t\t\t                                    <img decoding=\"async\"\n            class=\"wpml-ls-flag\"\n            src=\"https:\/\/parking-yverdon.ch\/wp-content\/plugins\/sitepress-multilingual-cms\/res\/flags\/pt-pt.svg\"\n            alt=\"\"\n            loading=\"lazy\"\n            width=18\n            height=12\n    \/><span class=\"wpml-ls-native\">Portugu\u00eas<\/span><span class=\"wpml-ls-display\"><span class=\"wpml-ls-bracket\">(<\/span>Portugu\u00e9s<span class=\"wpml-ls-bracket\">)<\/span><\/span><\/a>\n\t\t\t\t\t<\/li>\n\n\t\t\t\t\n\t\t\t\t\t<li class=\"wpml-ls-slot-shortcode_actions wpml-ls-item wpml-ls-item-sq\">\n\t\t\t\t\t\t<a href=\"https:\/\/parking-yverdon.ch\/sq\/\" hreflang=\"sq\" lang=\"sq\" class=\"wpml-ls-link\" aria-label=\"Cambiar a Alban\u00e9s (Albanian)\" title=\"Cambiar a Alban\u00e9s (Albanian)\">\n\t\t\t\t\t\t\t                                    <img decoding=\"async\"\n            class=\"wpml-ls-flag\"\n            src=\"https:\/\/parking-yverdon.ch\/wp-content\/plugins\/sitepress-multilingual-cms\/res\/flags\/sq.svg\"\n            alt=\"\"\n            loading=\"lazy\"\n            width=18\n            height=12\n    \/><span class=\"wpml-ls-native\">Albanian<\/span><span class=\"wpml-ls-display\"><span class=\"wpml-ls-bracket\">(<\/span>Alban\u00e9s<span class=\"wpml-ls-bracket\">)<\/span><\/span><\/a>\n\t\t\t\t\t<\/li>\n\n\t\t\t\t\n\t\t\t\t\t<li class=\"wpml-ls-slot-shortcode_actions wpml-ls-item wpml-ls-item-sr wpml-ls-last-item\">\n\t\t\t\t\t\t<a href=\"https:\/\/parking-yverdon.ch\/sr\/\" hreflang=\"sr\" lang=\"sr\" class=\"wpml-ls-link\" aria-label=\"Cambiar a Serbio (Srpski (latinica))\" title=\"Cambiar a Serbio (Srpski (latinica))\">\n\t\t\t\t\t\t\t                                    <img decoding=\"async\"\n            class=\"wpml-ls-flag\"\n            src=\"https:\/\/parking-yverdon.ch\/wp-content\/plugins\/sitepress-multilingual-cms\/res\/flags\/sr.svg\"\n            alt=\"\"\n            loading=\"lazy\"\n            width=18\n            height=12\n    \/><span class=\"wpml-ls-native\">Srpski (latinica)<\/span><span class=\"wpml-ls-display\"><span class=\"wpml-ls-bracket\">(<\/span>Serbio<span class=\"wpml-ls-bracket\">)<\/span><\/span><\/a>\n\t\t\t\t\t<\/li>\n\n\t\t\t\t\t\t\t<\/ul>\n\n\t\t<\/li>\n\n\t<\/ul>\n<\/div>\n<\/div>\t\t\t\t<\/div>\n\t\t\t\t<\/div>\n\t\t\t\t<\/div>\n\t\t<div class=\"elementor-element elementor-element-7ae4b36 e-con-full e-flex e-con e-parent\" data-id=\"7ae4b36\" data-element_type=\"container\" data-e-type=\"container\" data-settings=\"{&quot;background_background&quot;:&quot;classic&quot;}\">\n\t\t<div class=\"elementor-element elementor-element-26f87c7 e-con-full e-flex e-con e-child\" data-id=\"26f87c7\" data-element_type=\"container\" data-e-type=\"container\" data-settings=\"{&quot;background_background&quot;:&quot;classic&quot;}\">\n\t\t\t\t<\/div>\n\t\t\t\t<div class=\"elementor-element elementor-element-a09406d elementor-widget__width-initial elementor-widget elementor-widget-image\" data-id=\"a09406d\" data-element_type=\"widget\" data-e-type=\"widget\" data-widget_type=\"image.default\">\n\t\t\t\t<div class=\"elementor-widget-container\">\n\t\t\t\t\t\t\t\t\t\t\t\t\t\t\t<img fetchpriority=\"high\" decoding=\"async\" width=\"800\" height=\"742\" src=\"https:\/\/parking-yverdon.ch\/wp-content\/uploads\/2025\/03\/ES_Affiche_Images-1024x950.jpg\" class=\"attachment-large size-large wp-image-345\" alt=\"\" srcset=\"https:\/\/parking-yverdon.ch\/wp-content\/uploads\/2025\/03\/ES_Affiche_Images-1024x950.jpg 1024w, https:\/\/parking-yverdon.ch\/wp-content\/uploads\/2025\/03\/ES_Affiche_Images-300x278.jpg 300w, https:\/\/parking-yverdon.ch\/wp-content\/uploads\/2025\/03\/ES_Affiche_Images-768x712.jpg 768w, https:\/\/parking-yverdon.ch\/wp-content\/uploads\/2025\/03\/ES_Affiche_Images-1536x1425.jpg 1536w, https:\/\/parking-yverdon.ch\/wp-content\/uploads\/2025\/03\/ES_Affiche_Images-2048x1899.jpg 2048w\" sizes=\"(max-width: 800px) 100vw, 800px\" \/>\t\t\t\t\t\t\t\t\t\t\t\t\t\t\t<\/div>\n\t\t\t\t<\/div>\n\t\t\t\t<\/div>\n\t\t<div class=\"elementor-element elementor-element-298a509 e-flex e-con-boxed e-con e-parent\" data-id=\"298a509\" data-element_type=\"container\" data-e-type=\"container\">\n\t\t\t\t\t<div class=\"e-con-inner\">\n\t\t<div class=\"elementor-element elementor-element-c2219fc e-con-full e-flex e-con e-child\" data-id=\"c2219fc\" data-element_type=\"container\" data-e-type=\"container\" data-settings=\"{&quot;background_background&quot;:&quot;classic&quot;}\">\n\t\t\t\t<div class=\"elementor-element elementor-element-7112322 elementor-widget elementor-widget-image\" data-id=\"7112322\" data-element_type=\"widget\" data-e-type=\"widget\" data-widget_type=\"image.default\">\n\t\t\t\t<div class=\"elementor-widget-container\">\n\t\t\t\t\t\t\t\t\t\t\t\t\t\t\t<img decoding=\"async\" width=\"800\" height=\"951\" src=\"https:\/\/parking-yverdon.ch\/wp-content\/uploads\/2025\/03\/Logo_CAPPA-861x1024.png\" class=\"attachment-large size-large wp-image-294\" alt=\"\" srcset=\"https:\/\/parking-yverdon.ch\/wp-content\/uploads\/2025\/03\/Logo_CAPPA-861x1024.png 861w, https:\/\/parking-yverdon.ch\/wp-content\/uploads\/2025\/03\/Logo_CAPPA-252x300.png 252w, https:\/\/parking-yverdon.ch\/wp-content\/uploads\/2025\/03\/Logo_CAPPA-768x914.png 768w, https:\/\/parking-yverdon.ch\/wp-content\/uploads\/2025\/03\/Logo_CAPPA.png 1022w\" sizes=\"(max-width: 800px) 100vw, 800px\" \/>\t\t\t\t\t\t\t\t\t\t\t\t\t\t\t<\/div>\n\t\t\t\t<\/div>\n\t\t\t\t<div class=\"elementor-element elementor-element-27e51ea elementor-widget elementor-widget-heading\" data-id=\"27e51ea\" data-element_type=\"widget\" data-e-type=\"widget\" data-widget_type=\"heading.default\">\n\t\t\t\t<div class=\"elementor-widget-container\">\n\t\t\t\t\t<h1 class=\"elementor-heading-title elementor-size-default\">S\u00cd a la construcci\u00f3n de un aparcamiento subterr\u00e1neo bajo la Place d'Armes.<\/h1>\t\t\t\t<\/div>\n\t\t\t\t<\/div>\n\t\t\t\t<\/div>\n\t\t\t\t<div class=\"elementor-element elementor-element-3c2d3a5 elementor-widget elementor-widget-heading\" data-id=\"3c2d3a5\" data-element_type=\"widget\" data-e-type=\"widget\" data-widget_type=\"heading.default\">\n\t\t\t\t<div class=\"elementor-widget-container\">\n\t\t\t\t\t<h5 class=\"elementor-heading-title elementor-size-default\">Argumentos del comit\u00e9 de la iniciativa CAPPA \n<br>-Colectivo de Urbanismo y Aparcamiento de la Place d'Armes-<\/h5>\t\t\t\t<\/div>\n\t\t\t\t<\/div>\n\t\t\t\t<div class=\"elementor-element elementor-element-6956b7b elementor-widget elementor-widget-text-editor\" data-id=\"6956b7b\" data-element_type=\"widget\" data-e-type=\"widget\" data-widget_type=\"text-editor.default\">\n\t\t\t\t<div class=\"elementor-widget-container\">\n\t\t\t\t\t\t\t\t\t<p>En 2023, nuestro comit\u00e9 de iniciativa recogi\u00f3 m\u00e1s de 4000 firmas de ciudadanas y ciudadanos de Yverdon que desean la realizaci\u00f3n r\u00e1pida de un aparcamiento subterr\u00e1neo y la creaci\u00f3n de un parque accesible y respetuoso del medio ambiente en la superficie.<\/p><p>Por lo tanto, se trata de concretar este deseo aceptando la iniciativa en la votaci\u00f3n municipal del pr\u00f3ximo 18 de mayo 2025.<\/p><p>El comit\u00e9 de iniciativa CAPPA les recuerda a continuaci\u00f3n las razones por las cuales esta obra subterr\u00e1nea es indispensable y que les permitir\u00e1n decidir con pleno conocimiento de causa sobre este importante proyecto.<\/p>\t\t\t\t\t\t\t\t<\/div>\n\t\t\t\t<\/div>\n\t\t\t\t\t<\/div>\n\t\t\t\t<\/div>\n\t\t<div class=\"elementor-element elementor-element-534d9fb e-con-full e-flex e-con e-parent\" data-id=\"534d9fb\" data-element_type=\"container\" data-e-type=\"container\" data-settings=\"{&quot;background_background&quot;:&quot;classic&quot;}\">\n\t\t<div class=\"elementor-element elementor-element-33b4022 e-con-full e-flex e-con e-child\" data-id=\"33b4022\" data-element_type=\"container\" data-e-type=\"container\">\n\t\t\t\t<div class=\"elementor-element elementor-element-c3abf3f elementor-widget elementor-widget-heading\" data-id=\"c3abf3f\" data-element_type=\"widget\" data-e-type=\"widget\" data-widget_type=\"heading.default\">\n\t\t\t\t<div class=\"elementor-widget-container\">\n\t\t\t\t\t<h2 class=\"elementor-heading-title elementor-size-default\">\u00bfPor qu\u00e9 un aparcamiento subterr\u00e1neo? <\/h2>\t\t\t\t<\/div>\n\t\t\t\t<\/div>\n\t\t<div class=\"elementor-element elementor-element-d796550 e-con-full e-flex e-con e-child\" data-id=\"d796550\" data-element_type=\"container\" data-e-type=\"container\">\n\t\t\t\t<div class=\"elementor-element elementor-element-c1764e9 elementor-widget__width-initial elementor-widget-tablet__width-inherit elementor-widget elementor-widget-text-editor\" data-id=\"c1764e9\" data-element_type=\"widget\" data-e-type=\"widget\" data-widget_type=\"text-editor.default\">\n\t\t\t\t<div class=\"elementor-widget-container\">\n\t\t\t\t\t\t\t\t\t<p>Es una <strong>NECESIDAD<\/strong> y una <strong>CUESTI\u00d3N DE SUPERVIVENCIA<\/strong> para los comercios, los restaurantes, los servicios m\u00e9dicos, los proveedores de servicios (ventanillas municipales, biblioteca, bancos, seguros, etc.) del centro de la ciudad.<\/p><p>Yverdon-les-Bains debe <strong>ASUMIR<\/strong> sus responsabilidades como <strong>CIUDAD-CENTRO<\/strong> de 30 000 habitantes en el coraz\u00f3n del distrito de Jura-Nord Vaudois, que tiene 96 000 habitantes.<\/p><p>El transporte p\u00fablico no es suficiente para <strong>SATISFACER LAS NECESIDADES<\/strong> de la poblaci\u00f3n del distrito. Todo el mundo debe poder llegar al centro de la ciudad <strong>EN TODO MOMENTO<\/strong>, sean cuales sean las condiciones meteorol\u00f3gicas, utilizando el medio de transporte m\u00e1s adecuado a la situaci\u00f3n. <\/p><p>El aparcamiento actual est\u00e1 en un estado desastroso. Es necesario <strong>ACTUAR<\/strong> y no dudar. <\/p>\t\t\t\t\t\t\t\t<\/div>\n\t\t\t\t<\/div>\n\t\t\t\t<div class=\"elementor-element elementor-element-170e6fe elementor-widget elementor-widget-image\" data-id=\"170e6fe\" data-element_type=\"widget\" data-e-type=\"widget\" data-widget_type=\"image.default\">\n\t\t\t\t<div class=\"elementor-widget-container\">\n\t\t\t\t\t\t\t\t\t\t\t\t\t\t\t<img decoding=\"async\" width=\"800\" height=\"209\" src=\"https:\/\/parking-yverdon.ch\/wp-content\/uploads\/2025\/03\/Commerce-CAPPA-1024x267.png\" class=\"attachment-large size-large wp-image-360\" alt=\"\" srcset=\"https:\/\/parking-yverdon.ch\/wp-content\/uploads\/2025\/03\/Commerce-CAPPA-1024x267.png 1024w, https:\/\/parking-yverdon.ch\/wp-content\/uploads\/2025\/03\/Commerce-CAPPA-300x78.png 300w, https:\/\/parking-yverdon.ch\/wp-content\/uploads\/2025\/03\/Commerce-CAPPA-768x200.png 768w, https:\/\/parking-yverdon.ch\/wp-content\/uploads\/2025\/03\/Commerce-CAPPA-1536x400.png 1536w, https:\/\/parking-yverdon.ch\/wp-content\/uploads\/2025\/03\/Commerce-CAPPA.png 2000w\" sizes=\"(max-width: 800px) 100vw, 800px\" \/>\t\t\t\t\t\t\t\t\t\t\t\t\t\t\t<\/div>\n\t\t\t\t<\/div>\n\t\t\t\t<\/div>\n\t\t\t\t<\/div>\n\t\t\t\t<\/div>\n\t\t<div class=\"elementor-element elementor-element-8cc0418 e-con-full e-flex e-con e-parent\" data-id=\"8cc0418\" data-element_type=\"container\" data-e-type=\"container\" data-settings=\"{&quot;background_background&quot;:&quot;classic&quot;}\">\n\t\t<div class=\"elementor-element elementor-element-589ae0d e-con-full e-flex e-con e-child\" data-id=\"589ae0d\" data-element_type=\"container\" data-e-type=\"container\">\n\t\t\t\t<div class=\"elementor-element elementor-element-9526db7 elementor-widget elementor-widget-heading\" data-id=\"9526db7\" data-element_type=\"widget\" data-e-type=\"widget\" data-widget_type=\"heading.default\">\n\t\t\t\t<div class=\"elementor-widget-container\">\n\t\t\t\t\t<h2 class=\"elementor-heading-title elementor-size-default\">Si se acepta la iniciativa:<\/h2>\t\t\t\t<\/div>\n\t\t\t\t<\/div>\n\t\t<div class=\"elementor-element elementor-element-cfbeb0b e-con-full e-flex e-con e-child\" data-id=\"cfbeb0b\" data-element_type=\"container\" data-e-type=\"container\">\n\t\t\t\t<div class=\"elementor-element elementor-element-e7e793e elementor-widget__width-initial elementor-widget-tablet__width-inherit elementor-widget elementor-widget-text-editor\" data-id=\"e7e793e\" data-element_type=\"widget\" data-e-type=\"widget\" data-widget_type=\"text-editor.default\">\n\t\t\t\t<div class=\"elementor-widget-container\">\n\t\t\t\t\t\t\t\t\t<p>El proyecto de aparcamiento subterr\u00e1neo de la Place d&#8217;Armes mantendr\u00e1 <strong>PLAZAS EN LA SUPERFICIE<\/strong> en el \u00e1rea del centro de la ciudad para los habitantes, los comercios, las paradas y las entregas.<\/p><p>Un aparcamiento subterr\u00e1neo bien dimensionado favorecer\u00e1 un <strong>ACCESO F\u00c1CIL<\/strong> y <strong>R\u00c1PIDO<\/strong> para los conductores, evitando que den vueltas buscando un lugar para aparcar.<\/p><p>El aparcamiento subterr\u00e1neo permitir\u00e1 devolver a los habitantes una Place d&#8217;Armes <strong>CONVIVIAL<\/strong>. La <strong>VEGETACI\u00d3N<\/strong> y los <strong>NUEVOS \u00c1RBOLES<\/strong> ayudar\u00e1n a combatir las zonas de calor. <\/p><p>Con unas 1.000 plazas para coches, <strong>TAMBI\u00c9N<\/strong> hay aparcamiento para motos y bicicletas, por no hablar de las plazas de alquiler mensual para los residentes del centro de la ciudad.<\/p><p>Adem\u00e1s de su uso diario, el aparcamiento subterr\u00e1neo pondr\u00e1 <strong>A DISPOSICI\u00d3N<\/strong> plazas para la temporada teatral y todos los eventos sociales, culturales y deportivos p\u00fablicos en el centro de la ciudad.<\/p>\t\t\t\t\t\t\t\t<\/div>\n\t\t\t\t<\/div>\n\t\t\t\t<div class=\"elementor-element elementor-element-ac21a72 elementor-widget elementor-widget-image\" data-id=\"ac21a72\" data-element_type=\"widget\" data-e-type=\"widget\" data-widget_type=\"image.default\">\n\t\t\t\t<div class=\"elementor-widget-container\">\n\t\t\t\t\t\t\t\t\t\t\t\t\t\t\t<img loading=\"lazy\" decoding=\"async\" width=\"800\" height=\"335\" src=\"https:\/\/parking-yverdon.ch\/wp-content\/uploads\/2025\/03\/environnement-CAPPA-1024x429.png\" class=\"attachment-large size-large wp-image-367\" alt=\"\" srcset=\"https:\/\/parking-yverdon.ch\/wp-content\/uploads\/2025\/03\/environnement-CAPPA-1024x429.png 1024w, https:\/\/parking-yverdon.ch\/wp-content\/uploads\/2025\/03\/environnement-CAPPA-300x126.png 300w, https:\/\/parking-yverdon.ch\/wp-content\/uploads\/2025\/03\/environnement-CAPPA-768x321.png 768w, https:\/\/parking-yverdon.ch\/wp-content\/uploads\/2025\/03\/environnement-CAPPA-1536x643.png 1536w, https:\/\/parking-yverdon.ch\/wp-content\/uploads\/2025\/03\/environnement-CAPPA.png 2000w\" sizes=\"(max-width: 800px) 100vw, 800px\" \/>\t\t\t\t\t\t\t\t\t\t\t\t\t\t\t<\/div>\n\t\t\t\t<\/div>\n\t\t\t\t<\/div>\n\t\t\t\t<\/div>\n\t\t\t\t<\/div>\n\t\t<div class=\"elementor-element elementor-element-eac0aa4 e-con-full e-flex e-con e-parent\" data-id=\"eac0aa4\" data-element_type=\"container\" data-e-type=\"container\" data-settings=\"{&quot;background_background&quot;:&quot;classic&quot;}\">\n\t\t<div class=\"elementor-element elementor-element-35b622a e-con-full e-flex e-con e-child\" data-id=\"35b622a\" data-element_type=\"container\" data-e-type=\"container\">\n\t\t\t\t<div class=\"elementor-element elementor-element-76bc945 elementor-widget elementor-widget-heading\" data-id=\"76bc945\" data-element_type=\"widget\" data-e-type=\"widget\" data-widget_type=\"heading.default\">\n\t\t\t\t<div class=\"elementor-widget-container\">\n\t\t\t\t\t<h2 class=\"elementor-heading-title elementor-size-default\">Un proyecto ya bien avanzado y bien pensado:<\/h2>\t\t\t\t<\/div>\n\t\t\t\t<\/div>\n\t\t<div class=\"elementor-element elementor-element-32b8ed5 e-con-full e-flex e-con e-child\" data-id=\"32b8ed5\" data-element_type=\"container\" data-e-type=\"container\">\n\t\t\t\t<div class=\"elementor-element elementor-element-16a970c elementor-widget__width-initial elementor-widget-tablet__width-inherit elementor-widget elementor-widget-text-editor\" data-id=\"16a970c\" data-element_type=\"widget\" data-e-type=\"widget\" data-widget_type=\"text-editor.default\">\n\t\t\t\t<div class=\"elementor-widget-container\">\n\t\t\t\t\t\t\t\t\t<p>El proyecto del aparcamiento de la Place d&#8217;Armes ya est\u00e1 <strong>FINANCIADO<\/strong> por 55 millones de francos por parte de empresas privadas asociadas, con el municipio reserv\u00e1ndose un derecho de supervisi\u00f3n a la entidad publica.<\/p><p>Si el municipio no respeta el <strong>CONVENIO<\/strong> firmado ante notario con estas empresas privadas, deber\u00e1 hacerse cargo de los costos de estudio y una importante indemnizaci\u00f3n, que ascender\u00eda a millones de francos. Ser\u00eda un derroche de fondos p\u00fablicos. <\/p>\t\t\t\t\t\t\t\t<\/div>\n\t\t\t\t<\/div>\n\t\t\t\t<div class=\"elementor-element elementor-element-2e37fa9 elementor-widget elementor-widget-image\" data-id=\"2e37fa9\" data-element_type=\"widget\" data-e-type=\"widget\" data-widget_type=\"image.default\">\n\t\t\t\t<div class=\"elementor-widget-container\">\n\t\t\t\t\t\t\t\t\t\t\t\t\t\t\t<img loading=\"lazy\" decoding=\"async\" width=\"800\" height=\"325\" src=\"https:\/\/parking-yverdon.ch\/wp-content\/uploads\/2025\/03\/Voiture-CAPPA-1024x416.png\" class=\"attachment-large size-large wp-image-381\" alt=\"\" srcset=\"https:\/\/parking-yverdon.ch\/wp-content\/uploads\/2025\/03\/Voiture-CAPPA-1024x416.png 1024w, https:\/\/parking-yverdon.ch\/wp-content\/uploads\/2025\/03\/Voiture-CAPPA-300x122.png 300w, https:\/\/parking-yverdon.ch\/wp-content\/uploads\/2025\/03\/Voiture-CAPPA-768x312.png 768w, https:\/\/parking-yverdon.ch\/wp-content\/uploads\/2025\/03\/Voiture-CAPPA-1536x624.png 1536w, https:\/\/parking-yverdon.ch\/wp-content\/uploads\/2025\/03\/Voiture-CAPPA.png 2000w\" sizes=\"(max-width: 800px) 100vw, 800px\" \/>\t\t\t\t\t\t\t\t\t\t\t\t\t\t\t<\/div>\n\t\t\t\t<\/div>\n\t\t\t\t<\/div>\n\t\t\t\t<\/div>\n\t\t\t\t<\/div>\n\t\t<div class=\"elementor-element elementor-element-159c331 e-con-full e-flex e-con e-parent\" data-id=\"159c331\" data-element_type=\"container\" data-e-type=\"container\" data-settings=\"{&quot;background_background&quot;:&quot;classic&quot;}\">\n\t\t<div class=\"elementor-element elementor-element-e40c7fc e-con-full e-flex e-con e-child\" data-id=\"e40c7fc\" data-element_type=\"container\" data-e-type=\"container\">\n\t\t\t\t<div class=\"elementor-element elementor-element-3f1ec7f elementor-widget elementor-widget-heading\" data-id=\"3f1ec7f\" data-element_type=\"widget\" data-e-type=\"widget\" data-widget_type=\"heading.default\">\n\t\t\t\t<div class=\"elementor-widget-container\">\n\t\t\t\t\t<h2 class=\"elementor-heading-title elementor-size-default\">En conclusi\u00f3n:<\/h2>\t\t\t\t<\/div>\n\t\t\t\t<\/div>\n\t\t<div class=\"elementor-element elementor-element-7ee30fa e-con-full e-flex e-con e-child\" data-id=\"7ee30fa\" data-element_type=\"container\" data-e-type=\"container\">\n\t\t\t\t<div class=\"elementor-element elementor-element-fc23838 elementor-widget__width-initial elementor-widget-tablet__width-inherit elementor-widget elementor-widget-text-editor\" data-id=\"fc23838\" data-element_type=\"widget\" data-e-type=\"widget\" data-widget_type=\"text-editor.default\">\n\t\t\t\t<div class=\"elementor-widget-container\">\n\t\t\t\t\t\t\t\t\t<p>Este proyecto de aparcamiento subterr\u00e1neo dar\u00e1 un nuevo impulso al desarrollo de nuestra ciudad, asegurando una mayor atracci\u00f3n y una mejor movilidad en su centro.<\/p><p>Por todas estas razones, el comit\u00e9 de la iniciativa te recomienda que votes <strong>S\u00cd<\/strong> a la iniciativa.<\/p>\t\t\t\t\t\t\t\t<\/div>\n\t\t\t\t<\/div>\n\t\t\t\t<div class=\"elementor-element elementor-element-c1c94d6 elementor-widget elementor-widget-image\" data-id=\"c1c94d6\" data-element_type=\"widget\" data-e-type=\"widget\" data-widget_type=\"image.default\">\n\t\t\t\t<div class=\"elementor-widget-container\">\n\t\t\t\t\t\t\t\t\t\t\t\t\t\t\t<img loading=\"lazy\" decoding=\"async\" width=\"800\" height=\"359\" src=\"https:\/\/parking-yverdon.ch\/wp-content\/uploads\/2025\/03\/velo-et-prommenade-CAPPA-1024x459.png\" class=\"attachment-large size-large wp-image-388\" alt=\"\" srcset=\"https:\/\/parking-yverdon.ch\/wp-content\/uploads\/2025\/03\/velo-et-prommenade-CAPPA-1024x459.png 1024w, https:\/\/parking-yverdon.ch\/wp-content\/uploads\/2025\/03\/velo-et-prommenade-CAPPA-300x135.png 300w, https:\/\/parking-yverdon.ch\/wp-content\/uploads\/2025\/03\/velo-et-prommenade-CAPPA-768x344.png 768w, https:\/\/parking-yverdon.ch\/wp-content\/uploads\/2025\/03\/velo-et-prommenade-CAPPA-1536x689.png 1536w, https:\/\/parking-yverdon.ch\/wp-content\/uploads\/2025\/03\/velo-et-prommenade-CAPPA.png 2000w\" sizes=\"(max-width: 800px) 100vw, 800px\" \/>\t\t\t\t\t\t\t\t\t\t\t\t\t\t\t<\/div>\n\t\t\t\t<\/div>\n\t\t\t\t<\/div>\n\t\t\t\t<\/div>\n\t\t\t\t<\/div>\n\t\t\t\t<\/div>\n\t\t","protected":false},"excerpt":{"rendered":"<p>Fran\u00e7ais English (Anglais) Italiano (Italien) Portugu\u00eas (Portugais) Espa\u00f1ol (Espagnol) Albanian (Albanais) Srpski (latinica) (Serbe) S\u00cd a la construcci\u00f3n de un aparcamiento subterr\u00e1neo bajo la Place d&#8217;Armes. Argumentos del comit\u00e9 de la iniciativa CAPPA -Colectivo de Urbanismo y Aparcamiento de la Place d&#8217;Armes- En 2023, nuestro comit\u00e9 de iniciativa recogi\u00f3 m\u00e1s de 4000 firmas de ciudadanas [&hellip;]<\/p>\n","protected":false},"author":2,"featured_media":0,"parent":0,"menu_order":0,"comment_status":"closed","ping_status":"closed","template":"elementor_canvas","meta":{"_seopress_robots_primary_cat":"","_seopress_titles_title":"Yverdon-les-Bains: S\u00cd al aparcamiento bajo la Place d'Armes","_seopress_titles_desc":"El 18 de mayo, di S\u00cd a la iniciativa por un aparcamiento moderno bajo la Place d\u2019Armes y devuelve la vida al centro de la ciudad.","_seopress_robots_index":"","footnotes":""},"class_list":["post-295","page","type-page","status-publish","hentry"],"_links":{"self":[{"href":"https:\/\/parking-yverdon.ch\/es\/wp-json\/wp\/v2\/pages\/295","targetHints":{"allow":["GET"]}}],"collection":[{"href":"https:\/\/parking-yverdon.ch\/es\/wp-json\/wp\/v2\/pages"}],"about":[{"href":"https:\/\/parking-yverdon.ch\/es\/wp-json\/wp\/v2\/types\/page"}],"author":[{"embeddable":true,"href":"https:\/\/parking-yverdon.ch\/es\/wp-json\/wp\/v2\/users\/2"}],"replies":[{"embeddable":true,"href":"https:\/\/parking-yverdon.ch\/es\/wp-json\/wp\/v2\/comments?post=295"}],"version-history":[{"count":22,"href":"https:\/\/parking-yverdon.ch\/es\/wp-json\/wp\/v2\/pages\/295\/revisions"}],"predecessor-version":[{"id":526,"href":"https:\/\/parking-yverdon.ch\/es\/wp-json\/wp\/v2\/pages\/295\/revisions\/526"}],"wp:attachment":[{"href":"https:\/\/parking-yverdon.ch\/es\/wp-json\/wp\/v2\/media?parent=295"}],"curies":[{"name":"wp","href":"https:\/\/api.w.org\/{rel}","templated":true}]}}