{"id":337,"date":"2025-03-17T15:21:50","date_gmt":"2025-03-17T14:21:50","guid":{"rendered":"https:\/\/parking-yverdon.ch\/yes-to-the-underground-parking\/"},"modified":"2025-03-27T16:43:48","modified_gmt":"2025-03-27T15:43:48","slug":"yes-to-the-underground-parking","status":"publish","type":"page","link":"https:\/\/parking-yverdon.ch\/en\/yes-to-the-underground-parking\/","title":{"rendered":"YES to the underground parking"},"content":{"rendered":"\t\t<div data-elementor-type=\"wp-page\" data-elementor-id=\"337\" class=\"elementor elementor-337 elementor-63\" data-elementor-post-type=\"page\">\n\t\t\t\t<div class=\"elementor-element elementor-element-a373e89 e-con-full e-flex e-con e-parent\" data-id=\"a373e89\" data-element_type=\"container\" data-e-type=\"container\">\n\t\t\t\t<div class=\"elementor-element elementor-element-8ac162a elementor-widget elementor-widget-wpml-language-switcher\" data-id=\"8ac162a\" data-element_type=\"widget\" data-e-type=\"widget\" data-widget_type=\"wpml-language-switcher.default\">\n\t\t\t\t<div class=\"elementor-widget-container\">\n\t\t\t\t\t<div class=\"wpml-elementor-ls\">\n<div\n\t role=\"navigation\" aria-label=\"Language Switcher\" class=\"wpml-ls-statics-shortcode_actions wpml-ls wpml-ls-legacy-dropdown js-wpml-ls-legacy-dropdown\">\n\t<ul>\n\t\t<li class=\"wpml-ls-slot-shortcode_actions wpml-ls-item wpml-ls-item-en wpml-ls-current-language wpml-ls-item-legacy-dropdown\">\n\t\t\t<a href=\"#\" hreflang=\"\" lang=\"\" class=\"js-wpml-ls-item-toggle wpml-ls-item-toggle\" aria-current=\"page\" aria-expanded=\"false\" aria-controls=\"wpml-ls-submenu-default\" aria-label=\"Language switcher, press tab to navigate to other languages\" title=\"Switch to English (English)\">\n\t\t\t\t                                    <img decoding=\"async\"\n            class=\"wpml-ls-flag\"\n            src=\"https:\/\/parking-yverdon.ch\/wp-content\/plugins\/sitepress-multilingual-cms\/res\/flags\/en.svg\"\n            alt=\"\"\n            loading=\"lazy\"\n            width=18\n            height=12\n    \/><span class=\"wpml-ls-native\">English<\/span><\/a>\n\n\t\t\t<ul id=\"wpml-ls-submenu-default\" class=\"wpml-ls-sub-menu\">\n\t\t\t\t\n\t\t\t\t\t<li class=\"wpml-ls-slot-shortcode_actions wpml-ls-item wpml-ls-item-fr wpml-ls-first-item\">\n\t\t\t\t\t\t<a href=\"https:\/\/parking-yverdon.ch\/\" hreflang=\"fr\" lang=\"fr\" class=\"wpml-ls-link\" aria-label=\"Switch to French (Fran\u00e7ais)\" title=\"Switch to French (Fran\u00e7ais)\">\n\t\t\t\t\t\t\t                                    <img decoding=\"async\"\n            class=\"wpml-ls-flag\"\n            src=\"https:\/\/parking-yverdon.ch\/wp-content\/plugins\/sitepress-multilingual-cms\/res\/flags\/fr.svg\"\n            alt=\"\"\n            loading=\"lazy\"\n            width=18\n            height=12\n    \/><span class=\"wpml-ls-native\">Fran\u00e7ais<\/span><span class=\"wpml-ls-display\"><span class=\"wpml-ls-bracket\">(<\/span>French<span class=\"wpml-ls-bracket\">)<\/span><\/span><\/a>\n\t\t\t\t\t<\/li>\n\n\t\t\t\t\n\t\t\t\t\t<li class=\"wpml-ls-slot-shortcode_actions wpml-ls-item wpml-ls-item-it\">\n\t\t\t\t\t\t<a href=\"https:\/\/parking-yverdon.ch\/it\/\" hreflang=\"it\" lang=\"it\" class=\"wpml-ls-link\" aria-label=\"Switch to Italian (Italiano)\" title=\"Switch to Italian (Italiano)\">\n\t\t\t\t\t\t\t                                    <img decoding=\"async\"\n            class=\"wpml-ls-flag\"\n            src=\"https:\/\/parking-yverdon.ch\/wp-content\/plugins\/sitepress-multilingual-cms\/res\/flags\/it.svg\"\n            alt=\"\"\n            loading=\"lazy\"\n            width=18\n            height=12\n    \/><span class=\"wpml-ls-native\">Italiano<\/span><span class=\"wpml-ls-display\"><span class=\"wpml-ls-bracket\">(<\/span>Italian<span class=\"wpml-ls-bracket\">)<\/span><\/span><\/a>\n\t\t\t\t\t<\/li>\n\n\t\t\t\t\n\t\t\t\t\t<li class=\"wpml-ls-slot-shortcode_actions wpml-ls-item wpml-ls-item-pt-pt\">\n\t\t\t\t\t\t<a href=\"https:\/\/parking-yverdon.ch\/pt-pt\/\" hreflang=\"pt-pt\" lang=\"pt-pt\" class=\"wpml-ls-link\" aria-label=\"Switch to Portuguese (Portugu\u00eas)\" title=\"Switch to Portuguese (Portugu\u00eas)\">\n\t\t\t\t\t\t\t                                    <img decoding=\"async\"\n            class=\"wpml-ls-flag\"\n            src=\"https:\/\/parking-yverdon.ch\/wp-content\/plugins\/sitepress-multilingual-cms\/res\/flags\/pt-pt.svg\"\n            alt=\"\"\n            loading=\"lazy\"\n            width=18\n            height=12\n    \/><span class=\"wpml-ls-native\">Portugu\u00eas<\/span><span class=\"wpml-ls-display\"><span class=\"wpml-ls-bracket\">(<\/span>Portuguese<span class=\"wpml-ls-bracket\">)<\/span><\/span><\/a>\n\t\t\t\t\t<\/li>\n\n\t\t\t\t\n\t\t\t\t\t<li class=\"wpml-ls-slot-shortcode_actions wpml-ls-item wpml-ls-item-es\">\n\t\t\t\t\t\t<a href=\"https:\/\/parking-yverdon.ch\/es\/\" hreflang=\"es\" lang=\"es\" class=\"wpml-ls-link\" aria-label=\"Switch to Spanish (Espa\u00f1ol)\" title=\"Switch to Spanish (Espa\u00f1ol)\">\n\t\t\t\t\t\t\t                                    <img decoding=\"async\"\n            class=\"wpml-ls-flag\"\n            src=\"https:\/\/parking-yverdon.ch\/wp-content\/plugins\/sitepress-multilingual-cms\/res\/flags\/es.svg\"\n            alt=\"\"\n            loading=\"lazy\"\n            width=18\n            height=12\n    \/><span class=\"wpml-ls-native\">Espa\u00f1ol<\/span><span class=\"wpml-ls-display\"><span class=\"wpml-ls-bracket\">(<\/span>Spanish<span class=\"wpml-ls-bracket\">)<\/span><\/span><\/a>\n\t\t\t\t\t<\/li>\n\n\t\t\t\t\n\t\t\t\t\t<li class=\"wpml-ls-slot-shortcode_actions wpml-ls-item wpml-ls-item-sq\">\n\t\t\t\t\t\t<a href=\"https:\/\/parking-yverdon.ch\/sq\/\" hreflang=\"sq\" lang=\"sq\" class=\"wpml-ls-link\" aria-label=\"Switch to Albanian (Albanian)\" title=\"Switch to Albanian (Albanian)\">\n\t\t\t\t\t\t\t                                    <img decoding=\"async\"\n            class=\"wpml-ls-flag\"\n            src=\"https:\/\/parking-yverdon.ch\/wp-content\/plugins\/sitepress-multilingual-cms\/res\/flags\/sq.svg\"\n            alt=\"\"\n            loading=\"lazy\"\n            width=18\n            height=12\n    \/><span class=\"wpml-ls-native\">Albanian<\/span><\/a>\n\t\t\t\t\t<\/li>\n\n\t\t\t\t\n\t\t\t\t\t<li class=\"wpml-ls-slot-shortcode_actions wpml-ls-item wpml-ls-item-sr wpml-ls-last-item\">\n\t\t\t\t\t\t<a href=\"https:\/\/parking-yverdon.ch\/sr\/\" hreflang=\"sr\" lang=\"sr\" class=\"wpml-ls-link\" aria-label=\"Switch to Serbian (Srpski (latinica))\" title=\"Switch to Serbian (Srpski (latinica))\">\n\t\t\t\t\t\t\t                                    <img decoding=\"async\"\n            class=\"wpml-ls-flag\"\n            src=\"https:\/\/parking-yverdon.ch\/wp-content\/plugins\/sitepress-multilingual-cms\/res\/flags\/sr.svg\"\n            alt=\"\"\n            loading=\"lazy\"\n            width=18\n            height=12\n    \/><span class=\"wpml-ls-native\">Srpski (latinica)<\/span><span class=\"wpml-ls-display\"><span class=\"wpml-ls-bracket\">(<\/span>Serbian<span class=\"wpml-ls-bracket\">)<\/span><\/span><\/a>\n\t\t\t\t\t<\/li>\n\n\t\t\t\t\t\t\t<\/ul>\n\n\t\t<\/li>\n\n\t<\/ul>\n<\/div>\n<\/div>\t\t\t\t<\/div>\n\t\t\t\t<\/div>\n\t\t\t\t<\/div>\n\t\t<div class=\"elementor-element elementor-element-7ae4b36 e-con-full e-flex e-con e-parent\" data-id=\"7ae4b36\" data-element_type=\"container\" data-e-type=\"container\" data-settings=\"{&quot;background_background&quot;:&quot;classic&quot;}\">\n\t\t<div class=\"elementor-element elementor-element-26f87c7 e-con-full e-flex e-con e-child\" data-id=\"26f87c7\" data-element_type=\"container\" data-e-type=\"container\" data-settings=\"{&quot;background_background&quot;:&quot;classic&quot;}\">\n\t\t\t\t<\/div>\n\t\t\t\t<div class=\"elementor-element elementor-element-a09406d elementor-widget__width-initial elementor-widget elementor-widget-image\" data-id=\"a09406d\" data-element_type=\"widget\" data-e-type=\"widget\" data-widget_type=\"image.default\">\n\t\t\t\t<div class=\"elementor-widget-container\">\n\t\t\t\t\t\t\t\t\t\t\t\t\t\t\t<img fetchpriority=\"high\" decoding=\"async\" width=\"800\" height=\"742\" src=\"https:\/\/parking-yverdon.ch\/wp-content\/uploads\/2025\/03\/EN_Affiche_Images-1-1024x950.jpg\" class=\"attachment-large size-large wp-image-341\" alt=\"\" srcset=\"https:\/\/parking-yverdon.ch\/wp-content\/uploads\/2025\/03\/EN_Affiche_Images-1-1024x950.jpg 1024w, https:\/\/parking-yverdon.ch\/wp-content\/uploads\/2025\/03\/EN_Affiche_Images-1-300x278.jpg 300w, https:\/\/parking-yverdon.ch\/wp-content\/uploads\/2025\/03\/EN_Affiche_Images-1-768x712.jpg 768w, https:\/\/parking-yverdon.ch\/wp-content\/uploads\/2025\/03\/EN_Affiche_Images-1-1536x1425.jpg 1536w, https:\/\/parking-yverdon.ch\/wp-content\/uploads\/2025\/03\/EN_Affiche_Images-1-2048x1899.jpg 2048w\" sizes=\"(max-width: 800px) 100vw, 800px\" \/>\t\t\t\t\t\t\t\t\t\t\t\t\t\t\t<\/div>\n\t\t\t\t<\/div>\n\t\t\t\t<\/div>\n\t\t<div class=\"elementor-element elementor-element-298a509 e-flex e-con-boxed e-con e-parent\" data-id=\"298a509\" data-element_type=\"container\" data-e-type=\"container\">\n\t\t\t\t\t<div class=\"e-con-inner\">\n\t\t<div class=\"elementor-element elementor-element-c2219fc e-con-full e-flex e-con e-child\" data-id=\"c2219fc\" data-element_type=\"container\" data-e-type=\"container\" data-settings=\"{&quot;background_background&quot;:&quot;classic&quot;}\">\n\t\t\t\t<div class=\"elementor-element elementor-element-7112322 elementor-widget elementor-widget-image\" data-id=\"7112322\" data-element_type=\"widget\" data-e-type=\"widget\" data-widget_type=\"image.default\">\n\t\t\t\t<div class=\"elementor-widget-container\">\n\t\t\t\t\t\t\t\t\t\t\t\t\t\t\t<img decoding=\"async\" width=\"800\" height=\"951\" src=\"https:\/\/parking-yverdon.ch\/wp-content\/uploads\/2025\/03\/Logo_CAPPA-861x1024.png\" class=\"attachment-large size-large wp-image-291\" alt=\"\" srcset=\"https:\/\/parking-yverdon.ch\/wp-content\/uploads\/2025\/03\/Logo_CAPPA-861x1024.png 861w, https:\/\/parking-yverdon.ch\/wp-content\/uploads\/2025\/03\/Logo_CAPPA-252x300.png 252w, https:\/\/parking-yverdon.ch\/wp-content\/uploads\/2025\/03\/Logo_CAPPA-768x914.png 768w, https:\/\/parking-yverdon.ch\/wp-content\/uploads\/2025\/03\/Logo_CAPPA.png 1022w\" sizes=\"(max-width: 800px) 100vw, 800px\" \/>\t\t\t\t\t\t\t\t\t\t\t\t\t\t\t<\/div>\n\t\t\t\t<\/div>\n\t\t\t\t<div class=\"elementor-element elementor-element-27e51ea elementor-widget elementor-widget-heading\" data-id=\"27e51ea\" data-element_type=\"widget\" data-e-type=\"widget\" data-widget_type=\"heading.default\">\n\t\t\t\t<div class=\"elementor-widget-container\">\n\t\t\t\t\t<h1 class=\"elementor-heading-title elementor-size-default\">YES to the construction of an underground parking under Place d'Armes<\/h1>\t\t\t\t<\/div>\n\t\t\t\t<\/div>\n\t\t\t\t<\/div>\n\t\t\t\t<div class=\"elementor-element elementor-element-3c2d3a5 elementor-widget elementor-widget-heading\" data-id=\"3c2d3a5\" data-element_type=\"widget\" data-e-type=\"widget\" data-widget_type=\"heading.default\">\n\t\t\t\t<div class=\"elementor-widget-container\">\n\t\t\t\t\t<h5 class=\"elementor-heading-title elementor-size-default\">Arguments of the CAPPA Initiative Committee\n<br>-Collective for the Development and Parking of Place d'Armes-<\/h5>\t\t\t\t<\/div>\n\t\t\t\t<\/div>\n\t\t\t\t<div class=\"elementor-element elementor-element-6956b7b elementor-widget elementor-widget-text-editor\" data-id=\"6956b7b\" data-element_type=\"widget\" data-e-type=\"widget\" data-widget_type=\"text-editor.default\">\n\t\t\t\t<div class=\"elementor-widget-container\">\n\t\t\t\t\t\t\t\t\t<p>In 2023, our initiative committee gathered over 4,000 signatures from citizens of Yverdon-les-Bains who want the rapid construction of an underground parking facility and the development of a friendly and environmentally respectful park on the surface.<\/p><p>The aim is to make this wish a reality by accepting the initiative in the upcoming local vote on May 18.<\/p><p>The CAPPA initiative committee reminds you below of the reasons why this underground facility is essential and will allow you to make an informed decision on this important project.<\/p>\t\t\t\t\t\t\t\t<\/div>\n\t\t\t\t<\/div>\n\t\t\t\t\t<\/div>\n\t\t\t\t<\/div>\n\t\t<div class=\"elementor-element elementor-element-534d9fb e-con-full e-flex e-con e-parent\" data-id=\"534d9fb\" data-element_type=\"container\" data-e-type=\"container\" data-settings=\"{&quot;background_background&quot;:&quot;classic&quot;}\">\n\t\t<div class=\"elementor-element elementor-element-33b4022 e-con-full e-flex e-con e-child\" data-id=\"33b4022\" data-element_type=\"container\" data-e-type=\"container\">\n\t\t\t\t<div class=\"elementor-element elementor-element-c3abf3f elementor-widget elementor-widget-heading\" data-id=\"c3abf3f\" data-element_type=\"widget\" data-e-type=\"widget\" data-widget_type=\"heading.default\">\n\t\t\t\t<div class=\"elementor-widget-container\">\n\t\t\t\t\t<h2 class=\"elementor-heading-title elementor-size-default\">Why an underground parking ? <\/h2>\t\t\t\t<\/div>\n\t\t\t\t<\/div>\n\t\t<div class=\"elementor-element elementor-element-d796550 e-con-full e-flex e-con e-child\" data-id=\"d796550\" data-element_type=\"container\" data-e-type=\"container\">\n\t\t\t\t<div class=\"elementor-element elementor-element-c1764e9 elementor-widget__width-initial elementor-widget-tablet__width-inherit elementor-widget elementor-widget-text-editor\" data-id=\"c1764e9\" data-element_type=\"widget\" data-e-type=\"widget\" data-widget_type=\"text-editor.default\">\n\t\t\t\t<div class=\"elementor-widget-container\">\n\t\t\t\t\t\t\t\t\t<p>It is a <strong>NECESSITY<\/strong> and a <strong>MATTER OF SURVIVAL<\/strong> for shops, restaurants, medical services, and service providers (municipal offices, library, banks, insurance, etc.) in the city center.<\/p><p>Yverdon-les-Bains must <strong>TAKE RESPONSIBILITY<\/strong> as the <strong>CITY CENTER<\/strong> of 30,000 inhabitants in the heart of the Jura-Nord Vaudois district, which has 96,000 residents.<\/p><p>Public transport is not enough to <strong>MEET THE NEEDS<\/strong> of the district&#8217;s population. Everyone needs to be able to get to the city center <strong>AT ANY TIMES<\/strong>, whatever the weather, using the most appropriate means of transport. <\/p><p>The current parking lot is in a disastrous state. <strong>ACTION<\/strong> must be taken now, not procrastination. <\/p>\t\t\t\t\t\t\t\t<\/div>\n\t\t\t\t<\/div>\n\t\t\t\t<div class=\"elementor-element elementor-element-170e6fe elementor-widget elementor-widget-image\" data-id=\"170e6fe\" data-element_type=\"widget\" data-e-type=\"widget\" data-widget_type=\"image.default\">\n\t\t\t\t<div class=\"elementor-widget-container\">\n\t\t\t\t\t\t\t\t\t\t\t\t\t\t\t<img decoding=\"async\" width=\"800\" height=\"209\" src=\"https:\/\/parking-yverdon.ch\/wp-content\/uploads\/2025\/03\/Commerce-CAPPA-1024x267.png\" class=\"attachment-large size-large wp-image-356\" alt=\"\" srcset=\"https:\/\/parking-yverdon.ch\/wp-content\/uploads\/2025\/03\/Commerce-CAPPA-1024x267.png 1024w, https:\/\/parking-yverdon.ch\/wp-content\/uploads\/2025\/03\/Commerce-CAPPA-300x78.png 300w, https:\/\/parking-yverdon.ch\/wp-content\/uploads\/2025\/03\/Commerce-CAPPA-768x200.png 768w, https:\/\/parking-yverdon.ch\/wp-content\/uploads\/2025\/03\/Commerce-CAPPA-1536x400.png 1536w, https:\/\/parking-yverdon.ch\/wp-content\/uploads\/2025\/03\/Commerce-CAPPA.png 2000w\" sizes=\"(max-width: 800px) 100vw, 800px\" \/>\t\t\t\t\t\t\t\t\t\t\t\t\t\t\t<\/div>\n\t\t\t\t<\/div>\n\t\t\t\t<\/div>\n\t\t\t\t<\/div>\n\t\t\t\t<\/div>\n\t\t<div class=\"elementor-element elementor-element-8cc0418 e-con-full e-flex e-con e-parent\" data-id=\"8cc0418\" data-element_type=\"container\" data-e-type=\"container\" data-settings=\"{&quot;background_background&quot;:&quot;classic&quot;}\">\n\t\t<div class=\"elementor-element elementor-element-589ae0d e-con-full e-flex e-con e-child\" data-id=\"589ae0d\" data-element_type=\"container\" data-e-type=\"container\">\n\t\t\t\t<div class=\"elementor-element elementor-element-9526db7 elementor-widget elementor-widget-heading\" data-id=\"9526db7\" data-element_type=\"widget\" data-e-type=\"widget\" data-widget_type=\"heading.default\">\n\t\t\t\t<div class=\"elementor-widget-container\">\n\t\t\t\t\t<h2 class=\"elementor-heading-title elementor-size-default\">If the initiative is accepted:<\/h2>\t\t\t\t<\/div>\n\t\t\t\t<\/div>\n\t\t<div class=\"elementor-element elementor-element-cfbeb0b e-con-full e-flex e-con e-child\" data-id=\"cfbeb0b\" data-element_type=\"container\" data-e-type=\"container\">\n\t\t\t\t<div class=\"elementor-element elementor-element-e7e793e elementor-widget__width-initial elementor-widget-tablet__width-inherit elementor-widget elementor-widget-text-editor\" data-id=\"e7e793e\" data-element_type=\"widget\" data-e-type=\"widget\" data-widget_type=\"text-editor.default\">\n\t\t\t\t<div class=\"elementor-widget-container\">\n\t\t\t\t\t\t\t\t\t<p>The underground parking project at Place d&#8217;Armes will <strong>MAINTAIN SURFACE PARKING SPACES<\/strong> in the city center for residents, shops, drop-offs, and deliveries.<\/p><p>A well-sized underground parking garage will provide <strong>EASY<\/strong> and <strong>QUICK ACCESS<\/strong> for drivers, who will avoid circling around in search of a parking spot.<\/p><p>The underground parking garage will restore Place d&#8217;Armes as a <strong>FRIENDLY<\/strong> space for residents. The <strong>VEGETATION<\/strong> and <strong>NEWLY PLANTED TREES<\/strong> will help combat heat islands. <\/p><p>Around 1,000 parking spaces for cars, <strong>ALSO<\/strong> parking for motorcycles and bicycles, not to mention monthly rental spaces for downtown residents.<\/p><p>In addition to daily use, the underground parking will <strong>PROVIDE SPACES<\/strong> for the theater season and all cultural and sports events in the city center.<\/p>\t\t\t\t\t\t\t\t<\/div>\n\t\t\t\t<\/div>\n\t\t\t\t<div class=\"elementor-element elementor-element-ac21a72 elementor-widget elementor-widget-image\" data-id=\"ac21a72\" data-element_type=\"widget\" data-e-type=\"widget\" data-widget_type=\"image.default\">\n\t\t\t\t<div class=\"elementor-widget-container\">\n\t\t\t\t\t\t\t\t\t\t\t\t\t\t\t<img loading=\"lazy\" decoding=\"async\" width=\"800\" height=\"335\" src=\"https:\/\/parking-yverdon.ch\/wp-content\/uploads\/2025\/03\/environnement-CAPPA-1024x429.png\" class=\"attachment-large size-large wp-image-363\" alt=\"\" srcset=\"https:\/\/parking-yverdon.ch\/wp-content\/uploads\/2025\/03\/environnement-CAPPA-1024x429.png 1024w, https:\/\/parking-yverdon.ch\/wp-content\/uploads\/2025\/03\/environnement-CAPPA-300x126.png 300w, https:\/\/parking-yverdon.ch\/wp-content\/uploads\/2025\/03\/environnement-CAPPA-768x321.png 768w, https:\/\/parking-yverdon.ch\/wp-content\/uploads\/2025\/03\/environnement-CAPPA-1536x643.png 1536w, https:\/\/parking-yverdon.ch\/wp-content\/uploads\/2025\/03\/environnement-CAPPA.png 2000w\" sizes=\"(max-width: 800px) 100vw, 800px\" \/>\t\t\t\t\t\t\t\t\t\t\t\t\t\t\t<\/div>\n\t\t\t\t<\/div>\n\t\t\t\t<\/div>\n\t\t\t\t<\/div>\n\t\t\t\t<\/div>\n\t\t<div class=\"elementor-element elementor-element-eac0aa4 e-con-full e-flex e-con e-parent\" data-id=\"eac0aa4\" data-element_type=\"container\" data-e-type=\"container\" data-settings=\"{&quot;background_background&quot;:&quot;classic&quot;}\">\n\t\t<div class=\"elementor-element elementor-element-35b622a e-con-full e-flex e-con e-child\" data-id=\"35b622a\" data-element_type=\"container\" data-e-type=\"container\">\n\t\t\t\t<div class=\"elementor-element elementor-element-76bc945 elementor-widget elementor-widget-heading\" data-id=\"76bc945\" data-element_type=\"widget\" data-e-type=\"widget\" data-widget_type=\"heading.default\">\n\t\t\t\t<div class=\"elementor-widget-container\">\n\t\t\t\t\t<h2 class=\"elementor-heading-title elementor-size-default\">A well-planned and already advanced project:<\/h2>\t\t\t\t<\/div>\n\t\t\t\t<\/div>\n\t\t<div class=\"elementor-element elementor-element-32b8ed5 e-con-full e-flex e-con e-child\" data-id=\"32b8ed5\" data-element_type=\"container\" data-e-type=\"container\">\n\t\t\t\t<div class=\"elementor-element elementor-element-16a970c elementor-widget__width-initial elementor-widget-tablet__width-inherit elementor-widget elementor-widget-text-editor\" data-id=\"16a970c\" data-element_type=\"widget\" data-e-type=\"widget\" data-widget_type=\"text-editor.default\">\n\t\t\t\t<div class=\"elementor-widget-container\">\n\t\t\t\t\t\t\t\t\t<p>The Place d&#8217;Armes parking project is <strong>ALREADY FINANCED<\/strong> to the tune of 55 million francs by private partner companies, with the Municipality retaining oversight rights.<\/p><p>If the Municipality does not respect the <strong>CONVENTION<\/strong> signed before a notary with these private companies, it will have to pay study costs and a substantial forfeit, amounting to million of francs. This would be a waste of public funds. <\/p>\t\t\t\t\t\t\t\t<\/div>\n\t\t\t\t<\/div>\n\t\t\t\t<div class=\"elementor-element elementor-element-2e37fa9 elementor-widget elementor-widget-image\" data-id=\"2e37fa9\" data-element_type=\"widget\" data-e-type=\"widget\" data-widget_type=\"image.default\">\n\t\t\t\t<div class=\"elementor-widget-container\">\n\t\t\t\t\t\t\t\t\t\t\t\t\t\t\t<img loading=\"lazy\" decoding=\"async\" width=\"800\" height=\"325\" src=\"https:\/\/parking-yverdon.ch\/wp-content\/uploads\/2025\/03\/Voiture-CAPPA-1024x416.png\" class=\"attachment-large size-large wp-image-377\" alt=\"\" srcset=\"https:\/\/parking-yverdon.ch\/wp-content\/uploads\/2025\/03\/Voiture-CAPPA-1024x416.png 1024w, https:\/\/parking-yverdon.ch\/wp-content\/uploads\/2025\/03\/Voiture-CAPPA-300x122.png 300w, https:\/\/parking-yverdon.ch\/wp-content\/uploads\/2025\/03\/Voiture-CAPPA-768x312.png 768w, https:\/\/parking-yverdon.ch\/wp-content\/uploads\/2025\/03\/Voiture-CAPPA-1536x624.png 1536w, https:\/\/parking-yverdon.ch\/wp-content\/uploads\/2025\/03\/Voiture-CAPPA.png 2000w\" sizes=\"(max-width: 800px) 100vw, 800px\" \/>\t\t\t\t\t\t\t\t\t\t\t\t\t\t\t<\/div>\n\t\t\t\t<\/div>\n\t\t\t\t<\/div>\n\t\t\t\t<\/div>\n\t\t\t\t<\/div>\n\t\t<div class=\"elementor-element elementor-element-159c331 e-con-full e-flex e-con e-parent\" data-id=\"159c331\" data-element_type=\"container\" data-e-type=\"container\" data-settings=\"{&quot;background_background&quot;:&quot;classic&quot;}\">\n\t\t<div class=\"elementor-element elementor-element-e40c7fc e-con-full e-flex e-con e-child\" data-id=\"e40c7fc\" data-element_type=\"container\" data-e-type=\"container\">\n\t\t\t\t<div class=\"elementor-element elementor-element-3f1ec7f elementor-widget elementor-widget-heading\" data-id=\"3f1ec7f\" data-element_type=\"widget\" data-e-type=\"widget\" data-widget_type=\"heading.default\">\n\t\t\t\t<div class=\"elementor-widget-container\">\n\t\t\t\t\t<h2 class=\"elementor-heading-title elementor-size-default\">In conclusion:<\/h2>\t\t\t\t<\/div>\n\t\t\t\t<\/div>\n\t\t<div class=\"elementor-element elementor-element-7ee30fa e-con-full e-flex e-con e-child\" data-id=\"7ee30fa\" data-element_type=\"container\" data-e-type=\"container\">\n\t\t\t\t<div class=\"elementor-element elementor-element-fc23838 elementor-widget__width-initial elementor-widget-tablet__width-inherit elementor-widget elementor-widget-text-editor\" data-id=\"fc23838\" data-element_type=\"widget\" data-e-type=\"widget\" data-widget_type=\"text-editor.default\">\n\t\t\t\t<div class=\"elementor-widget-container\">\n\t\t\t\t\t\t\t\t\t<p>This underground parking project will breathe new life into the development of our city, ensuring better attractiveness and mobility for its center.<\/p><p>For all these reasons, the initiative committee recommends voting <strong>YES<\/strong> on the initiative.<\/p>\t\t\t\t\t\t\t\t<\/div>\n\t\t\t\t<\/div>\n\t\t\t\t<div class=\"elementor-element elementor-element-c1c94d6 elementor-widget elementor-widget-image\" data-id=\"c1c94d6\" data-element_type=\"widget\" data-e-type=\"widget\" data-widget_type=\"image.default\">\n\t\t\t\t<div class=\"elementor-widget-container\">\n\t\t\t\t\t\t\t\t\t\t\t\t\t\t\t<img loading=\"lazy\" decoding=\"async\" width=\"800\" height=\"359\" src=\"https:\/\/parking-yverdon.ch\/wp-content\/uploads\/2025\/03\/velo-et-prommenade-CAPPA-1024x459.png\" class=\"attachment-large size-large wp-image-384\" alt=\"\" srcset=\"https:\/\/parking-yverdon.ch\/wp-content\/uploads\/2025\/03\/velo-et-prommenade-CAPPA-1024x459.png 1024w, https:\/\/parking-yverdon.ch\/wp-content\/uploads\/2025\/03\/velo-et-prommenade-CAPPA-300x135.png 300w, https:\/\/parking-yverdon.ch\/wp-content\/uploads\/2025\/03\/velo-et-prommenade-CAPPA-768x344.png 768w, https:\/\/parking-yverdon.ch\/wp-content\/uploads\/2025\/03\/velo-et-prommenade-CAPPA-1536x689.png 1536w, https:\/\/parking-yverdon.ch\/wp-content\/uploads\/2025\/03\/velo-et-prommenade-CAPPA.png 2000w\" sizes=\"(max-width: 800px) 100vw, 800px\" \/>\t\t\t\t\t\t\t\t\t\t\t\t\t\t\t<\/div>\n\t\t\t\t<\/div>\n\t\t\t\t<\/div>\n\t\t\t\t<\/div>\n\t\t\t\t<\/div>\n\t\t\t\t<\/div>\n\t\t","protected":false},"excerpt":{"rendered":"<p>Fran\u00e7ais English (Anglais) Italiano (Italien) Portugu\u00eas (Portugais) Espa\u00f1ol (Espagnol) Albanian (Albanais) Srpski (latinica) (Serbe) YES to the construction of an underground parking under Place d&#8217;Armes Arguments of the CAPPA Initiative Committee -Collective for the Development and Parking of Place d&#8217;Armes- In 2023, our initiative committee gathered over 4,000 signatures from citizens of Yverdon-les-Bains who want [&hellip;]<\/p>\n","protected":false},"author":2,"featured_media":0,"parent":0,"menu_order":0,"comment_status":"closed","ping_status":"closed","template":"elementor_canvas","meta":{"_seopress_robots_primary_cat":"","_seopress_titles_title":"Yverdon-les-Bains: YES to the parking under Place d'Armes","_seopress_titles_desc":"On May 18, vote YES for a modern parking under Place d\u2019Armes and bring new life to the city center.","_seopress_robots_index":"","footnotes":""},"class_list":["post-337","page","type-page","status-publish","hentry"],"_links":{"self":[{"href":"https:\/\/parking-yverdon.ch\/en\/wp-json\/wp\/v2\/pages\/337","targetHints":{"allow":["GET"]}}],"collection":[{"href":"https:\/\/parking-yverdon.ch\/en\/wp-json\/wp\/v2\/pages"}],"about":[{"href":"https:\/\/parking-yverdon.ch\/en\/wp-json\/wp\/v2\/types\/page"}],"author":[{"embeddable":true,"href":"https:\/\/parking-yverdon.ch\/en\/wp-json\/wp\/v2\/users\/2"}],"replies":[{"embeddable":true,"href":"https:\/\/parking-yverdon.ch\/en\/wp-json\/wp\/v2\/comments?post=337"}],"version-history":[{"count":14,"href":"https:\/\/parking-yverdon.ch\/en\/wp-json\/wp\/v2\/pages\/337\/revisions"}],"predecessor-version":[{"id":519,"href":"https:\/\/parking-yverdon.ch\/en\/wp-json\/wp\/v2\/pages\/337\/revisions\/519"}],"wp:attachment":[{"href":"https:\/\/parking-yverdon.ch\/en\/wp-json\/wp\/v2\/media?parent=337"}],"curies":[{"name":"wp","href":"https:\/\/api.w.org\/{rel}","templated":true}]}}